{"id":1818,"date":"2019-11-11T09:43:44","date_gmt":"2019-11-11T09:43:44","guid":{"rendered":"http:\/\/okthemes.com\/lucia-vineyards-demo\/?page_id=1818"},"modified":"2025-08-06T13:32:33","modified_gmt":"2025-08-06T13:32:33","slug":"home","status":"publish","type":"page","link":"https:\/\/stonecastlewine.com\/sq\/","title":{"rendered":"Sht\u00ebpia"},"content":{"rendered":"<div class=\"wpb-content-wrapper\"><div class=\"vc_row wpb_row vc_row-fluid vc_row-o-equal-height vc_row-o-content-middle vc_row-flex\"><div class=\"wpb_column vc_column_container vc_col-sm-6 vc_col-has-fill\"><div class=\"vc_column-inner vc_custom_1579617745168\"><div class=\"wpb_wrapper\">\n\t<div class=\"title-subtitle-box\" style=\" text-align: left;\">\n\t\t<h1 style=\" font-weight: normal;\" class=\"special-title\" >Mir\u00eb se vini<\/h1>\n\t\t<span class=\"subtitle\" style=\" color:#f2f2f2; \">Ne ofrojm\u00eb ver\u00ebra t\u00eb prodhuara n\u00eb prona, t\u00eb vler\u00ebsuara me \u00e7mime, n\u00eb nj\u00eb vreshtari familjare.<\/span>\n\t\t<span class=\"gg-horizontal-line\"><\/span>\n\t\t<div class=\"box-description\"><p><span style=\"color: #f2f2f2;\">Q\u00eb nga viti 1953, Stone Castle ka filluar udh\u00ebtimin p\u00ebr t\u00eb sjell\u00eb at\u00eb q\u00eb sot njihet si vera m\u00eb e mir\u00eb n\u00eb Kosov\u00eb. P\u00ebr breza me radh\u00eb, Stone Castle ka kultivuar m\u00eb t\u00eb mir\u00ebn q\u00eb na jep natyra, me nj\u00eb tradit\u00eb t\u00eb trash\u00ebguar brez pas brezi, nga m\u00eb i vjetri tek m\u00eb i riu.<\/span><\/p>\n<\/div><div class=\"gg-special-button-wrapper  special-button-align-left special-button-style-btn-primary\"><a class=\"btn btn-primary\" href=\"https:\/\/stonecastlewine.com\/sq\/who-we-are\/history\/\" title=\"Historia jon\u00eb\" target=\"_self\">Historia jon\u00eb<\/a><\/div>\n\t<\/div> <\/div><\/div><\/div><div class=\"reveal-effect masker wow wpb_column vc_column_container vc_col-sm-6 vc_col-has-fill\"><div class=\"vc_column-inner vc_custom_1747294110758\"><div class=\"wpb_wrapper\"><div class=\"vc_empty_space\"   style=\"height: 500px\"><span class=\"vc_empty_space_inner\"><\/span><\/div><\/div><\/div><\/div><\/div><div class=\"vc_row wpb_row vc_row-fluid vc_custom_1579617851547\"><div class=\"wpb_column vc_column_container vc_col-sm-12\"><div class=\"vc_column-inner\"><div class=\"wpb_wrapper\">\n\t<blockquote  class=\"gg-vc-quote  remove_blockquotes font_size_large text-align-center vc_custom_1747294187747\">\n\t``\u00cbsht\u00eb tradit\u00eb e jon\u00eb t\u00eb nderojm\u00eb mysafir\u00ebt. Dhe \u00e7far\u00eb m\u00ebnyre tjeter m\u00eb t\u00eb mir\u00eb, p\u00ebrve\u00e7se t\u00eb prezantojm\u00eb ver\u00ebn``\n\t<cite>Avdi Gecaj<\/cite>\n\t<\/blockquote><\/div><\/div><\/div><\/div><div class=\"vc_row wpb_row vc_row-fluid\"><div class=\"wpb_column vc_column_container vc_col-sm-12\"><div class=\"vc_column-inner vc_custom_1580285001942\"><div class=\"wpb_wrapper\">\n\t<div class=\"product-presentation  vc_custom_1748539063534\">\n\t\t<div class=\"swiper-container product-presentation-container\" data-uid=\"swiper-794856264\" data-autoplay=\"3800\"  >\n\t<div class=\"parallax-bg\" style=\"background-image:url(https:\/\/stonecastlewine.com\/wp-content\/uploads\/2019\/12\/product_presentation_lines.png)\" data-swiper-parallax=\"-30%\"><\/div>\n\t\t\t<div class=\"swiper-wrapper\"><div class=\"swiper-slide swiper-no-swiping\" data-title=\"Cabernet Reserve Cabernet Sauvignon\"><div class=\"presentation-box product-pres-data\"><h4><span class=\"toptitle\">Cabernet Reserve<\/span>Cabernet Sauvignon<\/h4>\n\t\t<div class=\"product-description\"><p>E prodhuar nga rrushi m\u00eb i mir\u00eb i p\u00ebrzgjedhur me dor\u00eb, ky Cabernet Sauvignon Reserve \u00ebsht\u00eb nj\u00eb shprehje e guximshme dhe elegante e thell\u00ebsis\u00eb dhe rafinimit, duke ofruar nota t\u00eb pasura manaferre, kumbulle dhe lisi t\u00eb vjet\u00ebr - i rezervuar vet\u00ebm p\u00ebr shijen e holl\u00eb.<\/p>\n<\/div><div class=\"gg-special-button-wrapper  swiper-no-swiping special-button-align-left special-button-style-btn-primary\"><a class=\"btn btn-primary\" href=\"https:\/\/stonecastlewine.com\/sq\/produkt\/stonecastle-cabernet-sauvignon-reserve\/\" title=\"Rreth ver\u00ebs\" target=\"_self\">Rreth ver\u00ebs<\/a><\/div><\/div><div class=\"presentation-box product-pres-img\"> <img decoding=\"async\" class=\"wp-post-image\" src=\"https:\/\/stonecastlewine.com\/wp-content\/uploads\/2025\/05\/cab-reserve-e-preme.png\" alt=\"\" \/> <span style=\"background:url(https:\/\/stonecastlewine.com\/wp-content\/uploads\/2025\/05\/cab-reserve-e-preme.png) center no-repeat; background-size: cover\"><\/span><\/div><\/div><div class=\"swiper-slide swiper-no-swiping\" data-title=\"Chardonnay Reserve Chardonnay\"><div class=\"presentation-box product-pres-data\"><h4><span class=\"toptitle\">Chardonnay Reserve<\/span>Chardonnay<\/h4>\n\t\t<div class=\"product-description\"><p>Nj\u00eb shprehje e jasht\u00ebzakonshme e vreshtave tona m\u00eb t\u00eb mira, kjo Chardonnay Reserve zbulon shtresa dardhe t\u00eb pjekur, vaniljeje dhe bajamesh t\u00eb pjekura, me nj\u00eb tekstur\u00eb kremoze dhe nj\u00eb fund t\u00eb rafinuar - i krijuar p\u00ebr ata q\u00eb e vler\u00ebsojn\u00eb Chardonnay n\u00eb form\u00ebn e tij m\u00eb elegante.<\/p>\n<\/div><div class=\"gg-special-button-wrapper  swiper-no-swiping special-button-align-left special-button-style-btn-primary\"><a class=\"btn btn-primary\" href=\"https:\/\/stonecastlewine.com\/sq\/produkt\/stonecastle-chardonnay-reserve\/\" title=\"Rreth ver\u00ebs\" target=\"_self\">Rreth ver\u00ebs<\/a><\/div><\/div><div class=\"presentation-box product-pres-img\"> <img decoding=\"async\" class=\"wp-post-image\" src=\"https:\/\/stonecastlewine.com\/wp-content\/uploads\/2025\/05\/chardonnay-e-preme-res.png\" alt=\"\" \/> <span style=\"background:url(https:\/\/stonecastlewine.com\/wp-content\/uploads\/2025\/05\/chardonnay-e-preme-res.png) center no-repeat; background-size: cover\"><\/span><\/div><\/div><div class=\"swiper-slide swiper-no-swiping\" data-title=\"True Passion Owner's Choice - Gecaj Estate\"><div class=\"presentation-box product-pres-data\"><h4><span class=\"toptitle\">Pasion i V\u00ebrtet\u00eb<\/span>Owner's Choice - Gecaj Estate<\/h4>\n\t\t<div class=\"product-description\"><p>Nj\u00eb shprehje elitare e vreshtit ton\u00eb kryesor, vjelja e vitit 2017 ofron thell\u00ebsi t\u00eb thell\u00eb me shtresa luksoze t\u00eb qershis\u00eb s\u00eb zez\u00eb, kasisit dhe \u00e7okollat\u00ebs s\u00eb zez\u00eb - t\u00eb integruara n\u00eb m\u00ebnyr\u00eb harmonike me lis t\u00eb holl\u00eb dhe tanine t\u00eb buta, t\u00eb krijuara p\u00ebr njoh\u00ebsin e v\u00ebrtet\u00eb t\u00eb ver\u00ebrave t\u00eb kuqe t\u00eb jasht\u00ebzakonshme.<\/p>\n<\/div><div class=\"gg-special-button-wrapper  swiper-no-swiping special-button-align-left special-button-style-btn-primary\"><a class=\"btn btn-primary\" href=\"https:\/\/stonecastlewine.com\/sq\/produkt\/gecaj-estate-owners-choice\/\" title=\"Rreth ver\u00ebs\" target=\"_self\">Rreth ver\u00ebs<\/a><\/div><\/div><div class=\"presentation-box product-pres-img\"> <img decoding=\"async\" class=\"wp-post-image\" src=\"https:\/\/stonecastlewine.com\/wp-content\/uploads\/2025\/05\/gecaj-e-preme.png\" alt=\"\" \/> <span style=\"background:url(https:\/\/stonecastlewine.com\/wp-content\/uploads\/2025\/05\/gecaj-e-preme.png) center no-repeat; background-size: cover\"><\/span><\/div><\/div>\n\t\t\t<\/div>\n\t\t<\/div><div class=\"presentation-pagination-container swiper-pagination-container\"><\/div>\n\t<\/div><\/div><\/div><\/div><\/div><div class=\"vc_row wpb_row vc_row-fluid vc_custom_1580288655077 vc_column-gap-15 vc_row-o-equal-height vc_row-o-content-middle vc_row-flex\"><div class=\"reveal-effect masker wow wpb_column vc_column_container vc_col-sm-6 vc_col-has-fill\"><div class=\"vc_column-inner vc_custom_1753090602651\"><div class=\"wpb_wrapper\"><div class=\"vc_empty_space\"   style=\"height: 500px\"><span class=\"vc_empty_space_inner\"><\/span><\/div><\/div><\/div><\/div><div class=\"wpb_column vc_column_container vc_col-sm-6 vc_col-has-fill\"><div class=\"vc_column-inner vc_custom_1580746143126\"><div class=\"wpb_wrapper\">\n\t<div class=\"title-subtitle-box\" style=\" text-align: left;\">\n\t\t<h1 style=\" font-weight: normal;\" class=\"special-title\" >\n\t\t<span class=\"toptitle\" style=\"\">Prodhojm\u00eb vera q\u00eb<\/span>Trego nj\u00eb Histori<\/h1>\n\t\t<span class=\"subtitle\" style=\" color:#f2f2f2; \">Rr\u00ebnj\u00ebt tona jan\u00eb t\u00eb thella n\u00eb k\u00ebt\u00eb rajon. Emri Stone Castle \u00ebsht\u00eb b\u00ebr\u00eb m\u00eb shum\u00eb sesa thjesht nj\u00eb vreshtari; \u00ebsht\u00eb nj\u00eb kultur\u00eb.<\/span><div class=\"gg-special-button-wrapper  special-button-align-left special-button-style-btn-primary\"><a class=\"btn btn-primary\" href=\"https:\/\/stonecastlewine.com\/sq\/who-we-are\/history\/\" title=\"Lexo Historin\u00eb\" target=\"_self\">Lexo Historin\u00eb<\/a><\/div>\n\t<\/div> <\/div><\/div><\/div><\/div><div class=\"vc_row wpb_row vc_row-fluid vc_row-o-equal-height vc_row-o-content-top vc_row-flex\"><div class=\"wpb_column vc_column_container vc_col-sm-12\"><div class=\"vc_column-inner\"><div class=\"wpb_wrapper\"><div class=\"vc_row wpb_row vc_inner vc_row-fluid\"><div class=\"wpb_column vc_column_container vc_col-sm-3\"><div class=\"vc_column-inner\"><div class=\"wpb_wrapper\"><\/div><\/div><\/div><div class=\"wpb_column vc_column_container vc_col-sm-6\"><div class=\"vc_column-inner\"><div class=\"wpb_wrapper\">\n\t<div class=\"title-subtitle-box\" style=\" text-align: center;\">\n\t\t<h1 style=\" font-weight: normal;\" class=\"special-title\" >\n\t\t<span class=\"toptitle\" style=\"\">Stone Castle<\/span>P\u00ebrtej Kufijve<\/h1>\n\t\t<span class=\"subtitle\" style=\" color:#f2f2f2; \">Stone Castle krenohet me nj\u00eb p\u00ebrzgjedhje t\u00eb jasht\u00ebzakonshme ver\u00ebrash, t\u00eb mb\u00ebshtetur nga nj\u00eb kapacitet prodhimi deri n\u00eb 13 milion\u00eb litra n\u00eb vit. Shp\u00ebrndarja jon\u00eb shtrihet p\u00ebrtej Evrop\u00ebs, duke arritur tregjet n\u00eb Shtetet e Bashkuara dhe deri n\u00eb Afrik\u00eb.<\/span>\n\t<\/div> <\/div><\/div><\/div><div class=\"wpb_column vc_column_container vc_col-sm-3\"><div class=\"vc_column-inner\"><div class=\"wpb_wrapper\"><\/div><\/div><\/div><\/div><div class=\"vc_row wpb_row vc_inner vc_row-fluid vc_custom_1750245663423 vc_row-o-equal-height vc_row-o-content-top vc_row-flex\"><div class=\"wpb_column vc_column_container vc_col-sm-12\"><div class=\"vc_column-inner vc_custom_1580285125195\"><div class=\"wpb_wrapper\">\n\t<div class=\"title-subtitle-box\" style=\" text-align: center;\">\n\t\t<h1 style=\" font-weight: normal;\" class=\"special-title\" >Llojet<\/h1>\n\t<\/div> <div class=\"woocommerce columns-3\"><ul class=\"products columns-3\">\n<li class=\"product-category product first\">\n\t<div class=\"product-category-wrap\"><a aria-label=\"Vizitoni kategori produktesh Red\" href=\"https:\/\/stonecastlewine.com\/sq\/kategori-produkti\/red\/\" data-no-translation-aria-label=\"\"><img loading=\"lazy\" decoding=\"async\" src=\"https:\/\/stonecastlewine.com\/wp-content\/uploads\/2025\/06\/Cabernet-Sauvignon-2016.png\" alt=\"Red\" width=\"9999\" height=\"9999\" srcset=\"https:\/\/stonecastlewine.com\/wp-content\/uploads\/2025\/06\/Cabernet-Sauvignon-2016.png 720w, https:\/\/stonecastlewine.com\/wp-content\/uploads\/2025\/06\/Cabernet-Sauvignon-2016-263x300.png 263w\" sizes=\"auto, (max-width: 720px) 100vw, 720px\" \/>\t\t<h2 class=\"woocommerce-loop-category__title\">\n\t\t\tT\u00eb kuqe\t\t<\/h2>\n\t\t<\/a><\/div><\/li>\n<li class=\"product-category product\">\n\t<div class=\"product-category-wrap\"><a aria-label=\"Vizitoni kategori produktesh White\" href=\"https:\/\/stonecastlewine.com\/sq\/kategori-produkti\/white\/\" data-no-translation-aria-label=\"\"><img loading=\"lazy\" decoding=\"async\" src=\"https:\/\/stonecastlewine.com\/wp-content\/uploads\/2025\/06\/White-Wine-Zambaku.png\" alt=\"White\" width=\"9999\" height=\"9999\" srcset=\"https:\/\/stonecastlewine.com\/wp-content\/uploads\/2025\/06\/White-Wine-Zambaku.png 720w, https:\/\/stonecastlewine.com\/wp-content\/uploads\/2025\/06\/White-Wine-Zambaku-263x300.png 263w\" sizes=\"auto, (max-width: 720px) 100vw, 720px\" \/>\t\t<h2 class=\"woocommerce-loop-category__title\">\n\t\t\tT\u00eb bardha\t\t<\/h2>\n\t\t<\/a><\/div><\/li>\n<li class=\"product-category product last\">\n\t<div class=\"product-category-wrap\"><a aria-label=\"Vizitoni kategori produktesh Sparkling\" href=\"https:\/\/stonecastlewine.com\/sq\/kategori-produkti\/sparkling\/\" data-no-translation-aria-label=\"\"><img loading=\"lazy\" decoding=\"async\" src=\"https:\/\/stonecastlewine.com\/wp-content\/uploads\/2025\/06\/Sparkling-Wine.png\" alt=\"Sparkling\" width=\"9999\" height=\"9999\" srcset=\"https:\/\/stonecastlewine.com\/wp-content\/uploads\/2025\/06\/Sparkling-Wine.png 720w, https:\/\/stonecastlewine.com\/wp-content\/uploads\/2025\/06\/Sparkling-Wine-263x300.png 263w\" sizes=\"auto, (max-width: 720px) 100vw, 720px\" \/>\t\t<h2 class=\"woocommerce-loop-category__title\">\n\t\t\tVerat Shkumbuese\t\t<\/h2>\n\t\t<\/a><\/div><\/li>\n<li class=\"product-category product first\">\n\t<div class=\"product-category-wrap\"><a aria-label=\"Vizitoni kategori produktesh Owners Choice\" href=\"https:\/\/stonecastlewine.com\/sq\/kategori-produkti\/owners-choice\/\" data-no-translation-aria-label=\"\"><img loading=\"lazy\" decoding=\"async\" src=\"https:\/\/stonecastlewine.com\/wp-content\/uploads\/2025\/06\/Owners-Choice-gecaj-estate-2016.png\" alt=\"Owners Choice\" width=\"9999\" height=\"9999\" srcset=\"https:\/\/stonecastlewine.com\/wp-content\/uploads\/2025\/06\/Owners-Choice-gecaj-estate-2016.png 720w, https:\/\/stonecastlewine.com\/wp-content\/uploads\/2025\/06\/Owners-Choice-gecaj-estate-2016-263x300.png 263w\" sizes=\"auto, (max-width: 720px) 100vw, 720px\" \/>\t\t<h2 class=\"woocommerce-loop-category__title\">\n\t\t\tZgjedhja e Pronar\u00ebve\t\t<\/h2>\n\t\t<\/a><\/div><\/li>\n<li class=\"product-category product\">\n\t<div class=\"product-category-wrap\"><a aria-label=\"Vizitoni kategori produktesh Reserves\" href=\"https:\/\/stonecastlewine.com\/sq\/kategori-produkti\/reserves\/\" data-no-translation-aria-label=\"\"><img loading=\"lazy\" decoding=\"async\" src=\"https:\/\/stonecastlewine.com\/wp-content\/uploads\/2025\/06\/Cabernet-Sauvignon-Reserve.png\" alt=\"Reserves\" width=\"9999\" height=\"9999\" srcset=\"https:\/\/stonecastlewine.com\/wp-content\/uploads\/2025\/06\/Cabernet-Sauvignon-Reserve.png 720w, https:\/\/stonecastlewine.com\/wp-content\/uploads\/2025\/06\/Cabernet-Sauvignon-Reserve-263x300.png 263w\" sizes=\"auto, (max-width: 720px) 100vw, 720px\" \/>\t\t<h2 class=\"woocommerce-loop-category__title\">\n\t\t\tRezervat\t\t<\/h2>\n\t\t<\/a><\/div><\/li>\n<li class=\"product-category product last\">\n\t<div class=\"product-category-wrap\"><a aria-label=\"Vizitoni kategori produktesh Spirit\" href=\"https:\/\/stonecastlewine.com\/sq\/kategori-produkti\/spirit\/\" data-no-translation-aria-label=\"\"><img loading=\"lazy\" decoding=\"async\" src=\"https:\/\/stonecastlewine.com\/wp-content\/uploads\/2025\/06\/Raki-e-rrushit-e-rahovecit.png\" alt=\"Spirit\" width=\"9999\" height=\"9999\" srcset=\"https:\/\/stonecastlewine.com\/wp-content\/uploads\/2025\/06\/Raki-e-rrushit-e-rahovecit.png 720w, https:\/\/stonecastlewine.com\/wp-content\/uploads\/2025\/06\/Raki-e-rrushit-e-rahovecit-263x300.png 263w\" sizes=\"auto, (max-width: 720px) 100vw, 720px\" \/>\t\t<h2 class=\"woocommerce-loop-category__title\">\n\t\t\tRaki-t\u00eb\t\t<\/h2>\n\t\t<\/a><\/div><\/li>\n<\/ul>\n<\/div><\/div><\/div><\/div><\/div><div class=\"vc_row wpb_row vc_inner vc_row-fluid\"><div class=\"wpb_column vc_column_container vc_col-sm-3\"><div class=\"vc_column-inner\"><div class=\"wpb_wrapper\"><\/div><\/div><\/div><div class=\"wpb_column vc_column_container vc_col-sm-6\"><div class=\"vc_column-inner\"><div class=\"wpb_wrapper\">\n\t<div class=\"gg-special-button-wrapper  special-button-align-center special-button-style-btn-primary\"><a class=\"btn btn-primary\" href=\"https:\/\/stonecastlewine.com\/sq\/products-with-filter\/\" title=\"Blej Online\" target=\"_self\">Blej Online<\/a><\/div><\/div><\/div><\/div><div class=\"wpb_column vc_column_container vc_col-sm-3\"><div class=\"vc_column-inner\"><div class=\"wpb_wrapper\"><\/div><\/div><\/div><\/div><\/div><\/div><\/div><\/div><div class=\"vc_row wpb_row vc_row-fluid\"><div class=\"wpb_column vc_column_container vc_col-sm-12\"><div class=\"vc_column-inner vc_custom_1580285132300\"><div class=\"wpb_wrapper\">\n\t<div class=\"featured-product-presentation\">\n\t<div class=\"featured-back-image\" style=\"background:url(https:\/\/stonecastlewine.com\/wp-content\/uploads\/2025\/05\/cellar-sc22.jpg) center no-repeat; background-size: cover\"><div class=\"featured-product-image wow el-to-fade\" style=\"background:url(https:\/\/stonecastlewine.com\/wp-content\/uploads\/2025\/05\/Untitled-1.png) center no-repeat; background-size: cover\"><\/div><\/div>\n\t<div class=\"featured-product\"><h4><span class=\"toptitle\">M\u00eb e shitura<\/span> 2022 Cabernet Sauvignon Reserve<\/h4>\n\t\t<div class=\"product-description\"><p>Kjo ver\u00eb me l\u00ebshim t\u00eb kufizuar \u00ebsht\u00eb nj\u00eb stil i that\u00eb dhe i shijsh\u00ebm i Cabernet q\u00eb shfaq past\u00ebrtin\u00eb, eleganc\u00ebn dhe fines\u00ebn.<\/p>\n<\/div><div class=\"gg-horizontal-list\"><dl class=\"dl-flex\"><dt>Reserve<\/dt><dd>2022<\/dd><dt>Blend<\/dt><dd>100% Cabernet<\/dd><dt>Vjet\u00ebrsohet<\/dt><dd>100% Dru Hungarez-Amerikan<\/dd><\/dl><\/div><div class=\"gg-special-button-wrapper  special-button-align-left special-button-style-btn-primary\"><a class=\"btn btn-primary\" href=\"https:\/\/stonecastlewine.com\/sq\/produkt\/stonecastle-cabernet-sauvignon-reserve\/\" title=\"Blej Produktin\" target=\"_self\">Blej Produktin<\/a><\/div>\n\t<\/div>\n\t<\/div><\/div><\/div><\/div><\/div><div class=\"vc_row wpb_row vc_row-fluid vc_column-gap-15\"><div class=\"wpb_column vc_column_container vc_col-sm-4\"><div class=\"vc_column-inner\"><div class=\"wpb_wrapper\">\n\t<div class=\"featured-image-box   text-align-center overlay_style_1\">\n\t\t<figure class=\"\">\n\t\t\t<div class=\"image-wrapper\">\n\t\t\t<img loading=\"lazy\" decoding=\"async\" width=\"1100\" height=\"1400\" src=\"https:\/\/stonecastlewine.com\/wp-content\/uploads\/2025\/06\/homea.jpg\" class=\"vc_single_image-img attachment-full\" alt=\"\" title=\"homea\" srcset=\"https:\/\/stonecastlewine.com\/wp-content\/uploads\/2025\/06\/homea.jpg 1100w, https:\/\/stonecastlewine.com\/wp-content\/uploads\/2025\/06\/homea-236x300.jpg 236w, https:\/\/stonecastlewine.com\/wp-content\/uploads\/2025\/06\/homea-805x1024.jpg 805w, https:\/\/stonecastlewine.com\/wp-content\/uploads\/2025\/06\/homea-768x977.jpg 768w\" sizes=\"auto, (max-width: 1100px) 100vw, 1100px\" \/>\n\t\t\t<\/div>\n\t\t<figcaption>\n\t\t\t<h4>Vizito<\/h4>\n\t\t\t<p><font color=\"c5a155\">Degustimit \u00ebsht\u00eb e hapur \u00e7do dit\u00eb<\/font><\/p>\n\t\t\t<a class=\"btn btn-primary\" href=\"https:\/\/stonecastlewine.com\/sq\/wine-tour-visit\/\" title=\"Lexo m\u00eb shum\u00eb\" target=\"_self\">Lexo m\u00eb shum\u00eb<\/a>\n\t\t<\/figcaption>\n\t\t<\/figure>\n\t<\/div> <\/div><\/div><\/div><div class=\"wpb_column vc_column_container vc_col-sm-4\"><div class=\"vc_column-inner\"><div class=\"wpb_wrapper\">\n\t<div class=\"featured-image-box   text-align-center overlay_style_1\">\n\t\t<figure class=\"\">\n\t\t\t<div class=\"image-wrapper\">\n\t\t\t<img loading=\"lazy\" decoding=\"async\" width=\"1100\" height=\"1400\" src=\"https:\/\/stonecastlewine.com\/wp-content\/uploads\/2025\/06\/home-visit-us-module.jpg\" class=\"vc_single_image-img attachment-full\" alt=\"\" title=\"home-visit-us-module\" srcset=\"https:\/\/stonecastlewine.com\/wp-content\/uploads\/2025\/06\/home-visit-us-module.jpg 1100w, https:\/\/stonecastlewine.com\/wp-content\/uploads\/2025\/06\/home-visit-us-module-236x300.jpg 236w, https:\/\/stonecastlewine.com\/wp-content\/uploads\/2025\/06\/home-visit-us-module-805x1024.jpg 805w, https:\/\/stonecastlewine.com\/wp-content\/uploads\/2025\/06\/home-visit-us-module-768x977.jpg 768w\" sizes=\"auto, (max-width: 1100px) 100vw, 1100px\" \/>\n\t\t\t<\/div>\n\t\t<figcaption>\n\t\t\t<h4>Vneshtat<\/h4>\n\t\t\t<p><font color=\"c5a155\">Ver\u00ebrat e shk\u00eblqyera fillojn\u00eb n\u00eb vresht<\/font><\/p>\n\t\t\t<a class=\"btn btn-primary\" href=\"https:\/\/stonecastlewine.com\/sq\/who-we-are\/vineyards\/\" title=\"Lexo m\u00eb shum\u00eb\" target=\"_self\">Lexo m\u00eb shum\u00eb<\/a>\n\t\t<\/figcaption>\n\t\t<\/figure>\n\t<\/div> <\/div><\/div><\/div><div class=\"wpb_column vc_column_container vc_col-sm-4\"><div class=\"vc_column-inner\"><div class=\"wpb_wrapper\">\n\t<div class=\"featured-image-box   text-align-center overlay_style_1\">\n\t\t<figure class=\"\">\n\t\t\t<div class=\"image-wrapper\">\n\t\t\t<img loading=\"lazy\" decoding=\"async\" width=\"1100\" height=\"1400\" src=\"https:\/\/stonecastlewine.com\/wp-content\/uploads\/2025\/06\/gotat.jpg\" class=\"vc_single_image-img attachment-full\" alt=\"\" title=\"gotat\" srcset=\"https:\/\/stonecastlewine.com\/wp-content\/uploads\/2025\/06\/gotat.jpg 1100w, https:\/\/stonecastlewine.com\/wp-content\/uploads\/2025\/06\/gotat-236x300.jpg 236w, https:\/\/stonecastlewine.com\/wp-content\/uploads\/2025\/06\/gotat-805x1024.jpg 805w, https:\/\/stonecastlewine.com\/wp-content\/uploads\/2025\/06\/gotat-768x977.jpg 768w\" sizes=\"auto, (max-width: 1100px) 100vw, 1100px\" \/>\n\t\t\t<\/div>\n\t\t<figcaption>\n\t\t\t<h4>Evente<\/h4>\n\t\t\t<p><font color=\"c5a155\">Festoni eventin tuaj t\u00eb ve\u00e7ant\u00eb me ne<\/font><\/p>\n\t\t\t<a class=\"btn btn-primary\" href=\"https:\/\/stonecastlewine.com\/sq\/wine-tour-visit\/\" title=\"Lexo m\u00eb shum\u00eb\" target=\"_self\">Lexo m\u00eb shum\u00eb<\/a>\n\t\t<\/figcaption>\n\t\t<\/figure>\n\t<\/div> <\/div><\/div><\/div><\/div><div class=\"vc_row wpb_row vc_row-fluid vc_custom_1747317600564 vc_row-has-fill\"><div class=\"wpb_column vc_column_container vc_col-sm-12\"><div class=\"vc_column-inner\"><div class=\"wpb_wrapper\">\n\t<div class=\"title-subtitle-box\" style=\" text-align: left;\">\n\t\t<h1 style=\" font-weight: normal;\" class=\"special-title\" >\n\t\t<span class=\"toptitle\" style=\"\">Play<\/span>Showreel<\/h1>\n\t<\/div> \n\t<div class=\"video-button-wrapper  text-align-center primary-color icon-size-large wow el-to-fade\">\n\t<a class=\"video-button\" href=\"https:\/\/www.youtube.com\/embed\/UXROXOu85jg?si=BjfJoDoGgTXCYXJe\" data-lity><svg xmlns=\"http:\/\/www.w3.org\/2000\/svg\" width=\"148\" height=\"148\" viewbox=\"0 0 148 148\">\r\n\t\t  <path class=\"video-circle-path\" d=\"M83,72a1.586,1.586,0,0,1,0,2L66.354,84.64a1.212,1.212,0,0,1-1.714,0V62.354a1.212,1.212,0,0,1,1.714,0Z\"\/>\r\n\t\t  <circle class=\"video-circle\" cx=\"74\" cy=\"74\" r=\"72\"\/>\r\n\t\t<\/svg><\/a>\n\t<\/div><\/div><\/div><\/div><\/div><div class=\"vc_row wpb_row vc_row-fluid\"><div class=\"wpb_column vc_column_container vc_col-sm-12\"><div class=\"vc_column-inner\"><div class=\"wpb_wrapper\"><div class=\"woocommerce columns-4\"><\/div><\/div><\/div><\/div><\/div>\n<\/div>","protected":false},"excerpt":{"rendered":"Welcome We feature award-winning, estate-produced wines in a family-owned winery. Since 1953, Stone Castle has started the journey to bring what is today recognized as the best wine in Kosovo. For generations, Stone Castle has cultivated the best that nature gives us, with a tradition inherited from generation to generation, from the oldest to the<p class=\"more-link-wrapper\"><a class=\"btn btn-primary\" href=\"https:\/\/stonecastlewine.com\/sq\/\">Read More<\/a><\/p>","protected":false},"author":1,"featured_media":0,"parent":0,"menu_order":0,"comment_status":"closed","ping_status":"closed","template":"","meta":{"_acf_changed":false,"_monsterinsights_skip_tracking":false,"_monsterinsights_sitenote_active":false,"_monsterinsights_sitenote_note":"","_monsterinsights_sitenote_category":0,"footnotes":""},"class_list":["post-1818","page","type-page","status-publish","hentry"],"acf":[],"aioseo_notices":[],"_links":{"self":[{"href":"https:\/\/stonecastlewine.com\/sq\/wp-json\/wp\/v2\/pages\/1818","targetHints":{"allow":["GET"]}}],"collection":[{"href":"https:\/\/stonecastlewine.com\/sq\/wp-json\/wp\/v2\/pages"}],"about":[{"href":"https:\/\/stonecastlewine.com\/sq\/wp-json\/wp\/v2\/types\/page"}],"author":[{"embeddable":true,"href":"https:\/\/stonecastlewine.com\/sq\/wp-json\/wp\/v2\/users\/1"}],"replies":[{"embeddable":true,"href":"https:\/\/stonecastlewine.com\/sq\/wp-json\/wp\/v2\/comments?post=1818"}],"version-history":[{"count":62,"href":"https:\/\/stonecastlewine.com\/sq\/wp-json\/wp\/v2\/pages\/1818\/revisions"}],"predecessor-version":[{"id":4547,"href":"https:\/\/stonecastlewine.com\/sq\/wp-json\/wp\/v2\/pages\/1818\/revisions\/4547"}],"wp:attachment":[{"href":"https:\/\/stonecastlewine.com\/sq\/wp-json\/wp\/v2\/media?parent=1818"}],"curies":[{"name":"wp","href":"https:\/\/api.w.org\/{rel}","templated":true}]}}