{"id":2065,"date":"2019-12-12T15:50:07","date_gmt":"2019-12-12T15:50:07","guid":{"rendered":"http:\/\/okthemes.com\/lucia-vineyards-demo\/?page_id=2065"},"modified":"2025-08-11T09:22:29","modified_gmt":"2025-08-11T09:22:29","slug":"contact","status":"publish","type":"page","link":"https:\/\/stonecastlewine.com\/sq\/contact\/","title":{"rendered":"Kontakto"},"content":{"rendered":"<div class=\"wpb-content-wrapper\"><div class=\"vc_row wpb_row vc_row-fluid\"><div class=\"wpb_column vc_column_container vc_col-sm-12\"><div class=\"vc_column-inner\"><div class=\"wpb_wrapper\">\n\t<div class=\"gg-special-button-wrapper  special-button-align-center special-button-style-btn-primary\"><a class=\"btn btn-primary\" href=\"https:\/\/maps.app.goo.gl\/XcN7wv2naCxsoQxi6\" title=\"View location on Google Maps\" target=\"_blank\">View location on Google Maps<\/a><\/div><\/div><\/div><\/div><\/div><div class=\"vc_row wpb_row vc_row-fluid vc_row-o-equal-height vc_row-o-content-middle vc_row-flex\"><div class=\"wpb_column vc_column_container vc_col-sm-6 vc_col-has-fill\"><div class=\"vc_column-inner vc_custom_1750232707640\"><div class=\"wpb_wrapper\">\n\t<div class=\"title-subtitle-box  vc_custom_1578911856023\" style=\" text-align: left;\">\n\t\t<h1 style=\" font-weight: normal;\" class=\"special-title\" >Si t\u00eb na gjeni<\/h1>\n\t<\/div> \n\t<div class=\"gg-infobox  text-align-left\" >\n\t\t<div class=\"infobox-title\" >Address - Winery and Vineyard - Rahovec Shop<\/div>\n\t\t<span class=\"gg-horizontal-line\" ><\/span>\n\t\t<div class=\"infobox-description\" ><p><a href=\"https:\/\/maps.app.goo.gl\/z3sfRjMXwYpr8mdS9\">Bernjaka P.N. Rahovec, Kosovo (klikoni p\u00ebr udh\u00ebzime n\u00eb hart\u00eb)<\/a><\/p>\n<\/div>\n\t<\/div> \n\t<div class=\"gg-infobox  text-align-left\" >\n\t\t<div class=\"infobox-title\" >Adresa - Dyqani n\u00eb Prishtin\u00eb<\/div>\n\t\t<span class=\"gg-horizontal-line\" ><\/span>\n\t\t<div class=\"infobox-description\" ><p><a href=\"https:\/\/maps.app.goo.gl\/7eb7eSbGshQFXZzR7\">Luan Haradinaj, Prishtina 10000 (across New Born Monument) (click for directions)<\/a><\/p>\n<\/div>\n\t<\/div> \n\t<div class=\"gg-infobox  text-align-left\" >\n\t\t<div class=\"infobox-title\" >Address - Peja Shop<\/div>\n\t\t<span class=\"gg-horizontal-line\" ><\/span>\n\t\t<div class=\"infobox-description\" ><p><a href=\"https:\/\/maps.app.goo.gl\/D9cD2AerxjZm8jJS9\">Mete Bajraktari Shopping Center \u2013 (klikoni p\u00ebr udh\u00ebzime n\u00eb hart\u00eb)<\/a><\/p>\n<\/div>\n\t<\/div> \n\t<div class=\"gg-infobox  text-align-left\" >\n\t\t<div class=\"infobox-title\" >Numri Telefonit<\/div>\n\t\t<span class=\"gg-horizontal-line\" ><\/span>\n\t\t<div class=\"infobox-description\" ><p><span style=\"color: #ffcc00;\">+383 29 276 053<\/span><\/p>\n<\/div>\n\t<\/div> \n\t<div class=\"gg-infobox  text-align-left vc_custom_1754904134472\" >\n\t\t<div class=\"infobox-title\" >Email adresa<\/div>\n\t\t<span class=\"gg-horizontal-line\" ><\/span>\n\t\t<div class=\"infobox-description\" ><p><a href=\"mailto:info@stonecastlewine.com\">info@stonecastlewine.com<\/a><\/p>\n<p><a href=\"mailto:booking@stonecastlewine.com\">booking@stonecastlewine.com<\/a> <span style=\"color: #ffffff;\">p\u00ebr vizita dhe Wine Tour<\/span><\/p>\n<\/div>\n\t<\/div> <\/div><\/div><\/div><div class=\"wpb_column vc_column_container vc_col-sm-6 vc_col-has-fill\"><div class=\"vc_column-inner vc_custom_1750232915802\"><div class=\"wpb_wrapper\">\n\t<div class=\"title-subtitle-box  vc_custom_1578911861726\" style=\" text-align: left;\">\n\t\t<h1 style=\" font-weight: normal;\" class=\"special-title\" >Vizitat<\/h1>\n\t<\/div> \n\t<div class=\"gg-infobox  text-align-left\" >\n\t\t<div class=\"infobox-title\" >Orari<\/div>\n\t\t<span class=\"gg-horizontal-line\" ><\/span>\n\t\t<div class=\"infobox-description\" ><p><span style=\"color: #ffcc00;\">Monday &#8211; Sunday &#8211; 9AM &#8211; 5PM<\/span><br \/>\n<span style=\"color: #ffcc00;\">Last tasting at 4:00PM<\/span><\/p>\n<\/div>\n\t<\/div> \n\t<div class=\"gg-infobox  text-align-left\" >\n\t\t<div class=\"infobox-title\" >Numri Telefonit<\/div>\n\t\t<span class=\"gg-horizontal-line\" ><\/span>\n\t\t<div class=\"infobox-description\" ><p><span style=\"color: #ffcc00;\">+383 29 276 053<\/span><\/p>\n<\/div>\n\t<\/div> \n\t<div class=\"gg-infobox  text-align-left\" >\n\t\t<div class=\"infobox-title\" >Wine Tour dhe Vizita<\/div>\n\t\t<span class=\"gg-horizontal-line\" ><\/span>\n\t\t<div class=\"infobox-description\" ><p><a href=\"https:\/\/stonecastlewine.com\/sq\/wine-tour-visit\/\">Kliko dhe shiko ofertat dhe opsionet<\/a><\/p>\n<\/div>\n\t<\/div> \n\t<div class=\"gg-infobox  text-align-left vc_custom_1754904145726\" >\n\t\t<div class=\"infobox-title\" >Email adresa<\/div>\n\t\t<span class=\"gg-horizontal-line\" ><\/span>\n\t\t<div class=\"infobox-description\" ><p><a href=\"mailto:booking@stonecastlewine.com\">booking@stonecastlewine.com<\/a> <span style=\"color: #ffffff;\">p\u00ebr vizita dhe Wine Tour<\/span><\/p>\n<\/div>\n\t<\/div> <\/div><\/div><\/div><\/div><div class=\"vc_row wpb_row vc_row-fluid vc_row-o-equal-height vc_row-flex\"><div class=\"wpb_column vc_column_container vc_col-sm-12 vc_col-lg-2\"><div class=\"vc_column-inner\"><div class=\"wpb_wrapper\"><\/div><\/div><\/div><div class=\"wpb_column vc_column_container vc_col-sm-12 vc_col-lg-8 vc_col-has-fill\"><div class=\"vc_column-inner vc_custom_1579621427408\"><div class=\"wpb_wrapper\">\n\t<div class=\"title-subtitle-box\" style=\" text-align: left;\">\n\t\t<h3 style=\" font-weight: normal;\" class=\"special-title\" >Na d\u00ebrgo mesazh<\/h3>\n\t<\/div> \n<div class=\"wpcf7 no-js\" id=\"wpcf7-f3119-o1\" lang=\"en-US\" dir=\"ltr\" data-wpcf7-id=\"3119\">\n<div class=\"screen-reader-response\"><p role=\"status\" aria-live=\"polite\" aria-atomic=\"true\"><\/p> <ul><\/ul><\/div>\n<form action=\"\/sq\/wp-json\/wp\/v2\/pages\/2065#wpcf7-f3119-o1\" method=\"post\" class=\"wpcf7-form init\" aria-label=\"Contact form\" novalidate=\"novalidate\" data-status=\"init\" data-trp-original-action=\"\/sq\/wp-json\/wp\/v2\/pages\/2065#wpcf7-f3119-o1\">\n<fieldset class=\"hidden-fields-container\"><input type=\"hidden\" name=\"_wpcf7\" value=\"3119\" \/><input type=\"hidden\" name=\"_wpcf7_version\" value=\"6.1.5\" \/><input type=\"hidden\" name=\"_wpcf7_locale\" value=\"en_US\" \/><input type=\"hidden\" name=\"_wpcf7_unit_tag\" value=\"wpcf7-f3119-o1\" \/><input type=\"hidden\" name=\"_wpcf7_container_post\" value=\"0\" \/><input type=\"hidden\" name=\"_wpcf7_posted_data_hash\" value=\"\" \/>\n<\/fieldset>\n<p><label> Emri*<br \/>\n<span class=\"wpcf7-form-control-wrap\" data-name=\"your-name\"><input size=\"40\" maxlength=\"400\" class=\"wpcf7-form-control wpcf7-text wpcf7-validates-as-required\" aria-required=\"true\" aria-invalid=\"false\" value=\"\" type=\"text\" name=\"your-name\" \/><\/span> <\/label>\n<\/p>\n<p><label> Email*<br \/>\n<span class=\"wpcf7-form-control-wrap\" data-name=\"your-email\"><input size=\"40\" maxlength=\"400\" class=\"wpcf7-form-control wpcf7-email wpcf7-validates-as-required wpcf7-text wpcf7-validates-as-email\" aria-required=\"true\" aria-invalid=\"false\" value=\"\" type=\"email\" name=\"your-email\" \/><\/span> <\/label>\n<\/p>\n<p><label> Subjekti<br \/>\n<span class=\"wpcf7-form-control-wrap\" data-name=\"your-subject\"><input size=\"40\" maxlength=\"400\" class=\"wpcf7-form-control wpcf7-text\" aria-invalid=\"false\" value=\"\" type=\"text\" name=\"your-subject\" \/><\/span> <\/label>\n<\/p>\n<p><label> Mesazhi Juaj<br \/>\n<span class=\"wpcf7-form-control-wrap\" data-name=\"your-message\"><textarea cols=\"40\" rows=\"10\" maxlength=\"2000\" class=\"wpcf7-form-control wpcf7-textarea\" aria-invalid=\"false\" name=\"your-message\"><\/textarea><\/span> <\/label>\n<\/p>\n<p><span class=\"wpcf7-form-control-wrap\" data-name=\"checkbox-577\"><span class=\"wpcf7-form-control wpcf7-checkbox wpcf7-validates-as-required\"><span class=\"wpcf7-list-item first last\"><input type=\"checkbox\" name=\"checkbox-577[]\" value=\"Check here to indicate that you have read and agree to the terms of privacy policy\" \/><span class=\"wpcf7-list-item-label\">Sh\u00ebnoni k\u00ebtu p\u00ebr t\u00eb treguar se i keni lexuar dhe pranoni kushtet e politik\u00ebs s\u00eb privat\u00ebsis\u00eb<\/span><\/span><\/span><\/span>\n<\/p>\n<p><input class=\"wpcf7-form-control wpcf7-submit has-spinner\" type=\"submit\" value=\"D\u00ebrgo\" \/>\n<\/p><div class=\"wpcf7-response-output\" aria-hidden=\"true\"><\/div>\n<input type=\"hidden\" name=\"trp-form-language\" value=\"sq\"\/><\/form>\n<\/div>\n<\/div><\/div><\/div><div class=\"wpb_column vc_column_container vc_col-sm-12 vc_col-lg-2\"><div class=\"vc_column-inner\"><div class=\"wpb_wrapper\"><\/div><\/div><\/div><\/div>\n<\/div>","protected":false},"excerpt":{"rendered":"View location on Google Maps How to find us Address - Winery and Vineyard - Rahovec Shop Bernjaka P.N. Rahovec, Kosovo (click for directions) Address - Prishtina Shop Luan Haradinaj, Prishtina 10000 (across New Born Monument) (click for directions) Address - Peja Shop Mete Bajraktari Shopping Center - (click for directions) Phone number +383 29<p class=\"more-link-wrapper\"><a class=\"btn btn-primary\" href=\"https:\/\/stonecastlewine.com\/sq\/contact\/\">Read More<\/a><\/p>","protected":false},"author":1,"featured_media":3127,"parent":0,"menu_order":0,"comment_status":"closed","ping_status":"closed","template":"","meta":{"_acf_changed":false,"_monsterinsights_skip_tracking":false,"_monsterinsights_sitenote_active":false,"_monsterinsights_sitenote_note":"","_monsterinsights_sitenote_category":0,"footnotes":""},"class_list":["post-2065","page","type-page","status-publish","has-post-thumbnail","hentry","has_thumb"],"acf":[],"aioseo_notices":[],"_links":{"self":[{"href":"https:\/\/stonecastlewine.com\/sq\/wp-json\/wp\/v2\/pages\/2065","targetHints":{"allow":["GET"]}}],"collection":[{"href":"https:\/\/stonecastlewine.com\/sq\/wp-json\/wp\/v2\/pages"}],"about":[{"href":"https:\/\/stonecastlewine.com\/sq\/wp-json\/wp\/v2\/types\/page"}],"author":[{"embeddable":true,"href":"https:\/\/stonecastlewine.com\/sq\/wp-json\/wp\/v2\/users\/1"}],"replies":[{"embeddable":true,"href":"https:\/\/stonecastlewine.com\/sq\/wp-json\/wp\/v2\/comments?post=2065"}],"version-history":[{"count":4,"href":"https:\/\/stonecastlewine.com\/sq\/wp-json\/wp\/v2\/pages\/2065\/revisions"}],"predecessor-version":[{"id":4551,"href":"https:\/\/stonecastlewine.com\/sq\/wp-json\/wp\/v2\/pages\/2065\/revisions\/4551"}],"wp:featuredmedia":[{"embeddable":true,"href":"https:\/\/stonecastlewine.com\/sq\/wp-json\/wp\/v2\/media\/3127"}],"wp:attachment":[{"href":"https:\/\/stonecastlewine.com\/sq\/wp-json\/wp\/v2\/media?parent=2065"}],"curies":[{"name":"wp","href":"https:\/\/api.w.org\/{rel}","templated":true}]}}