{"id":2075,"date":"2019-12-12T15:51:56","date_gmt":"2019-12-12T15:51:56","guid":{"rendered":"http:\/\/okthemes.com\/lucia-vineyards-demo\/?page_id=2075"},"modified":"2025-06-23T11:06:44","modified_gmt":"2025-06-23T11:06:44","slug":"who-we-are","status":"publish","type":"page","link":"https:\/\/stonecastlewine.com\/sq\/who-we-are\/","title":{"rendered":"Rreth Nesh"},"content":{"rendered":"<div class=\"wpb-content-wrapper\"><div class=\"vc_row wpb_row vc_row-fluid vc_custom_1580811855427 vc_row-o-equal-height vc_row-o-content-middle vc_row-flex\"><div class=\"wpb_column vc_column_container vc_col-sm-6 vc_col-has-fill\"><div class=\"vc_column-inner vc_custom_1576244366699\"><div class=\"wpb_wrapper\">\n\t<div class=\"title-subtitle-box  vc_custom_1750676741851\" style=\" text-align: left;\">\n\t\t<h1 style=\" font-weight: normal;\" class=\"special-title\" >Historia jon\u00eb<\/h1>\n\t\t<span class=\"gg-horizontal-line\"><\/span>\n\t\t<div class=\"box-description\"><p data-start=\"120\" data-end=\"511\"><span style=\"color: #f2f2f2;\">Vreshtat dhe Veraria Stone Castle \u00ebsht\u00eb nj\u00eb histori rilindjeje dhe q\u00ebndrueshm\u00ebrie. Ajo q\u00eb filloi si nj\u00eb vreshtari shtet\u00ebrore n\u00eb vitin 1953 u zhvillua n\u00eb nj\u00eb simbol t\u00eb ringjalljes s\u00eb prodhimit t\u00eb ver\u00ebs n\u00eb Kosov\u00eb pas privatizimit t\u00eb saj n\u00eb vitin 2006. N\u00ebn vizionin e Rrustem Gecaj, nj\u00eb sip\u00ebrmarr\u00ebsi kosovaro-amerikan, vreshtaria u transformua - duke kombinuar trash\u00ebgimin\u00eb me ambicien p\u00ebr t'u b\u00ebr\u00eb prodhuesi m\u00eb i madh i vreshtaris\u00eb dhe ver\u00ebs n\u00eb vend.<\/span><\/p>\n<p data-start=\"513\" data-end=\"898\" data-is-last-node=\"\" data-is-only-node=\"\"><span style=\"color: #f2f2f2;\">E vendosur n\u00eb Lugin\u00ebn e Rahovecit, prona jon\u00eb p\u00ebrfiton nga mikroklima t\u00eb larmishme dhe kushte ideale t\u00eb tok\u00ebs. \u00c7do shishe q\u00eb prodhojm\u00eb \u00ebsht\u00eb e kultivuar n\u00eb pron\u00eb dhe e ambalazhuar n\u00eb vend, duke reflektuar si past\u00ebrtin\u00eb e tok\u00ebs son\u00eb ashtu edhe pasionin e popullit ton\u00eb. Nga rr\u00ebnj\u00ebt lokale deri te shtrirja globale, Stone Castle vazhdon t\u00eb rritet me nj\u00eb q\u00ebllim t\u00eb vet\u00ebm: t\u00eb krijoj\u00eb ver\u00ebra t\u00eb jasht\u00ebzakonshme q\u00eb i tregojn\u00eb bot\u00ebs historin\u00eb e Kosov\u00ebs.<\/span><\/p>\n<\/div>\n\t<\/div> <\/div><\/div><\/div><div class=\"reveal-effect masker wow wpb_column vc_column_container vc_col-sm-6 vc_col-has-fill\"><div class=\"vc_column-inner vc_custom_1750075124574\"><div class=\"wpb_wrapper\"><div class=\"vc_empty_space\"   style=\"height: 300px\"><span class=\"vc_empty_space_inner\"><\/span><\/div><\/div><\/div><\/div><\/div><div class=\"vc_row wpb_row vc_row-fluid vc_custom_1580811860099 vc_row-o-equal-height vc_row-o-content-middle vc_row-flex\"><div class=\"reveal-effect masker wow wpb_column vc_column_container vc_col-sm-6 vc_col-has-fill\"><div class=\"vc_column-inner vc_custom_1750075149809\"><div class=\"wpb_wrapper\"><div class=\"vc_empty_space\"   style=\"height: 300px\"><span class=\"vc_empty_space_inner\"><\/span><\/div><\/div><\/div><\/div><div class=\"wpb_column vc_column_container vc_col-sm-3 vc_col-has-fill\"><div class=\"vc_column-inner vc_custom_1580822529295\"><div class=\"wpb_wrapper\">\n\t<div class=\"title-subtitle-box\" style=\" text-align: left;\">\n\t\t<span class=\"subtitle\" style=\" color:#f2f2f2; \">E krijuar me q\u00ebllim, e rr\u00ebnjosur n\u00eb trash\u00ebgimi. \u00c7do shishe tregon nj\u00eb histori t\u00eb tok\u00ebs s\u00eb Kosov\u00ebs, njer\u00ebzve t\u00eb saj dhe pasionit q\u00eb p\u00ebrcakton Stone Castle.<\/span>\n\t<\/div> <\/div><\/div><\/div><div class=\"reveal-effect masker wow wpb_column vc_column_container vc_col-sm-3 vc_col-has-fill\"><div class=\"vc_column-inner vc_custom_1750075345927\"><div class=\"wpb_wrapper\"><div class=\"vc_empty_space\"   style=\"height: 200px\"><span class=\"vc_empty_space_inner\"><\/span><\/div><\/div><\/div><\/div><\/div><div class=\"vc_row wpb_row vc_row-fluid\"><div class=\"wpb_column vc_column_container vc_col-sm-2\"><div class=\"vc_column-inner\"><div class=\"wpb_wrapper\"><\/div><\/div><\/div><div class=\"wpb_column vc_column_container vc_col-sm-8\"><div class=\"vc_column-inner\"><div class=\"wpb_wrapper\">\n\t<blockquote  class=\"gg-vc-quote   font_size_normal text-align-left vc_custom_1750260720922\">\n\t\"Me nj\u00eb ver\u00eb cil\u00ebsore, gjen kuptimin e jet\u00ebs\"\n\t<cite>Rrustem Gecaj<\/cite>\n\t<\/blockquote><\/div><\/div><\/div><div class=\"wpb_column vc_column_container vc_col-sm-2\"><div class=\"vc_column-inner\"><div class=\"wpb_wrapper\"><\/div><\/div><\/div><\/div><div id=\"our-craft\" class=\"vc_row wpb_row vc_row-fluid vc_row-o-equal-height vc_row-o-content-middle vc_row-flex\"><div class=\"wpb_column vc_column_container vc_col-sm-6 vc_col-has-fill\"><div class=\"vc_column-inner vc_custom_1576575895539\"><div class=\"wpb_wrapper\">\n\t<div class=\"title-subtitle-box\" style=\" text-align: left;\">\n\t\t<h1 style=\" font-weight: normal;\" class=\"special-title\" >Artizanati yn\u00eb<\/h1>\n\t\t<span class=\"subtitle\" style=\" color:#f2f2f2; \">T\u00eb lidhur jo nga kufijt\u00eb, por nga nj\u00eb pasion i p\u00ebrbashk\u00ebt p\u00ebr hardhin\u00eb - zanati yn\u00eb \u00ebsht\u00eb i rr\u00ebnjosur n\u00eb tradit\u00eb dhe i nxitur nga dashuria p\u00ebr prodhimin e ver\u00ebs.<\/span>\n\t<\/div> \n\t<div  class=\"wpb_single_image wpb_content_element vc_align_center  vc_custom_1576679898395\">\n\t\t\n\t\t<figure class=\"wpb_wrapper vc_figure\">\n\t\t\t<div class=\"vc_single_image-wrapper   vc_box_border_grey\"><img loading=\"lazy\" decoding=\"async\" width=\"531\" height=\"353\" src=\"https:\/\/stonecastlewine.com\/wp-content\/uploads\/2019\/12\/craft-barrels.png\" class=\"vc_single_image-img attachment-full\" alt=\"\" title=\"craft-barrels\" \/><\/div>\n\t\t<\/figure>\n\t<\/div>\n<\/div><\/div><\/div><div class=\"wpb_column vc_column_container vc_col-sm-6 vc_col-has-fill\"><div class=\"vc_column-inner vc_custom_1576575907642\"><div class=\"wpb_wrapper\"><div class=\"vc_tta-container\" data-vc-action=\"collapse\"><div class=\"vc_general vc_tta vc_tta-accordion vc_tta-color-black vc_tta-style-flat vc_tta-shape-square vc_tta-o-shape-group vc_tta-controls-align-default vc_tta-o-no-fill\"><div class=\"vc_tta-panels-container\"><div class=\"vc_tta-panels\"><div class=\"vc_tta-panel vc_active\" id=\"1576575919904-2ef760b0-32a3\" data-vc-content=\".vc_tta-panel-body\"><div class=\"vc_tta-panel-heading\"><h4 class=\"vc_tta-panel-title vc_tta-controls-icon-position-right\"><a href=\"#1576575919904-2ef760b0-32a3\" data-vc-accordion data-vc-container=\".vc_tta-container\"><span class=\"vc_tta-title-text\">Koha e Vjeljes<\/span><i class=\"vc_tta-controls-icon vc_tta-controls-icon-plus\"><\/i><\/a><\/h4><\/div><div class=\"vc_tta-panel-body\">\n\t<div class=\"wpb_text_column wpb_content_element\" >\n\t\t<div class=\"wpb_wrapper\">\n\t\t\t<p>Koha \u00ebsht\u00eb gjith\u00e7ka. Rrushi yn\u00eb mblidhet n\u00eb kulmin e pjekuris\u00eb p\u00ebr t\u00eb siguruar sheqer, aciditet dhe shije ideale \u2014 duke hedhur themelet p\u00ebr ver\u00eb t\u00eb jasht\u00ebzakonshme.<\/p>\n\n\t\t<\/div>\n\t<\/div>\n<\/div><\/div><div class=\"vc_tta-panel\" id=\"1576575919920-fab37e16-09d7\" data-vc-content=\".vc_tta-panel-body\"><div class=\"vc_tta-panel-heading\"><h4 class=\"vc_tta-panel-title vc_tta-controls-icon-position-right\"><a href=\"#1576575919920-fab37e16-09d7\" data-vc-accordion data-vc-container=\".vc_tta-container\"><span class=\"vc_tta-title-text\">Mblehja e rrushit<\/span><i class=\"vc_tta-controls-icon vc_tta-controls-icon-plus\"><\/i><\/a><\/h4><\/div><div class=\"vc_tta-panel-body\">\n\t<div class=\"wpb_text_column wpb_content_element\" >\n\t\t<div class=\"wpb_wrapper\">\n\t\t\t<p>\u00c7do tuf\u00eb mblidhet me dor\u00eb nga ekipi yn\u00eb i aft\u00eb i vreshtaris\u00eb, duke ruajtur integritetin e frutave dhe duke nderuar traditat shekullore.<\/p>\n\n\t\t<\/div>\n\t<\/div>\n<\/div><\/div><div class=\"vc_tta-panel\" id=\"1576677271019-612ed73f-3417\" data-vc-content=\".vc_tta-panel-body\"><div class=\"vc_tta-panel-heading\"><h4 class=\"vc_tta-panel-title vc_tta-controls-icon-position-right\"><a href=\"#1576677271019-612ed73f-3417\" data-vc-accordion data-vc-container=\".vc_tta-container\"><span class=\"vc_tta-title-text\">Heqja e farave<\/span><i class=\"vc_tta-controls-icon vc_tta-controls-icon-plus\"><\/i><\/a><\/h4><\/div><div class=\"vc_tta-panel-body\">\n\t<div class=\"wpb_text_column wpb_content_element\" >\n\t\t<div class=\"wpb_wrapper\">\n\t\t\t<p>K\u00ebrcejt\u00eb hiqen but\u00ebsisht p\u00ebr t\u00eb rritur past\u00ebrtin\u00eb. Vet\u00ebm frutat m\u00eb t\u00eb mira zgjidhen p\u00ebr t\u00eb ecur p\u00ebrpara n\u00eb procesin e prodhimit t\u00eb ver\u00ebs.<\/p>\n\n\t\t<\/div>\n\t<\/div>\n<\/div><\/div><div class=\"vc_tta-panel\" id=\"1576677252643-bcc0b811-206d\" data-vc-content=\".vc_tta-panel-body\"><div class=\"vc_tta-panel-heading\"><h4 class=\"vc_tta-panel-title vc_tta-controls-icon-position-right\"><a href=\"#1576677252643-bcc0b811-206d\" data-vc-accordion data-vc-container=\".vc_tta-container\"><span class=\"vc_tta-title-text\">Macerimi dhe Fermentimi<\/span><i class=\"vc_tta-controls-icon vc_tta-controls-icon-plus\"><\/i><\/a><\/h4><\/div><div class=\"vc_tta-panel-body\">\n\t<div class=\"wpb_text_column wpb_content_element\" >\n\t\t<div class=\"wpb_wrapper\">\n\t\t\t<p>Rrushi zhytet n\u00eb uj\u00eb p\u00ebr t\u00eb nxjerr\u00eb ngjyr\u00eb t\u00eb thell\u00eb dhe shije t\u00eb pasur, pastaj fermentohet me sakt\u00ebsi p\u00ebr t\u00eb zhbllokuar thelbin e secilit varietet.<\/p>\n\n\t\t<\/div>\n\t<\/div>\n<\/div><\/div><div class=\"vc_tta-panel\" id=\"1576677288035-f8497d03-8383\" data-vc-content=\".vc_tta-panel-body\"><div class=\"vc_tta-panel-heading\"><h4 class=\"vc_tta-panel-title vc_tta-controls-icon-position-right\"><a href=\"#1576677288035-f8497d03-8383\" data-vc-accordion data-vc-container=\".vc_tta-container\"><span class=\"vc_tta-title-text\">Mbushja n\u00eb shishe dhe plakja e ver\u00ebs<\/span><i class=\"vc_tta-controls-icon vc_tta-controls-icon-plus\"><\/i><\/a><\/h4><\/div><div class=\"vc_tta-panel-body\">\n\t<div class=\"wpb_text_column wpb_content_element\" >\n\t\t<div class=\"wpb_wrapper\">\n\t\t\t<p>Pas plakjes s\u00eb kujdesshme n\u00eb dru lisi ose \u00e7elik inox, \u00e7do ver\u00eb shishezohet me kujdes, gati p\u00ebr t\u00eb ndar\u00eb shpirtin e Stone Castle me bot\u00ebn.<\/p>\n\n\t\t<\/div>\n\t<\/div>\n<\/div><\/div><\/div><\/div><\/div><\/div><\/div><\/div><\/div><\/div><div class=\"vc_row wpb_row vc_row-fluid\"><div class=\"wpb_column vc_column_container vc_col-sm-12\"><div class=\"vc_column-inner\"><div class=\"wpb_wrapper\">\n\t<div class=\"\">\n\t<div class=\"gg-media-carousel use_pagination use_navigation\">\n\t\t<div class=\"swiper-container\" data-uid=\"swiper-1424769235\"  data-slidesperview =\"1\" data-slidespercolumn =\"1\" data-spacebetween =\"0\" data-initialslide =\"0\" data-direction =\"horizontal\" data-speed =\"300\" data-loop =\"true\" data-centeredslides =\"false\" data-effect =\"slide\" data-autoplay =\"\" data-paginationtype =\"bullets\"  >\n\t\t\t<div class=\"swiper-wrapper\"><div class=\"swiper-slide\"><img loading=\"lazy\" decoding=\"async\" width=\"1728\" height=\"1080\" src=\"https:\/\/stonecastlewine.com\/wp-content\/uploads\/2025\/06\/9X1A5827-HDR.jpg\" class=\"attachment-full\" alt=\"\" title=\"9X1A5827-HDR\" srcset=\"https:\/\/stonecastlewine.com\/wp-content\/uploads\/2025\/06\/9X1A5827-HDR.jpg 1728w, https:\/\/stonecastlewine.com\/wp-content\/uploads\/2025\/06\/9X1A5827-HDR-300x188.jpg 300w, https:\/\/stonecastlewine.com\/wp-content\/uploads\/2025\/06\/9X1A5827-HDR-1024x640.jpg 1024w, https:\/\/stonecastlewine.com\/wp-content\/uploads\/2025\/06\/9X1A5827-HDR-768x480.jpg 768w, https:\/\/stonecastlewine.com\/wp-content\/uploads\/2025\/06\/9X1A5827-HDR-1536x960.jpg 1536w\" sizes=\"auto, (max-width: 1728px) 100vw, 1728px\" \/><\/div><div class=\"swiper-slide\"><img loading=\"lazy\" decoding=\"async\" width=\"1728\" height=\"1080\" src=\"https:\/\/stonecastlewine.com\/wp-content\/uploads\/2025\/06\/9X1A1472-HDR.jpg\" class=\"attachment-full\" alt=\"\" title=\"9X1A1472-HDR\" srcset=\"https:\/\/stonecastlewine.com\/wp-content\/uploads\/2025\/06\/9X1A1472-HDR.jpg 1728w, https:\/\/stonecastlewine.com\/wp-content\/uploads\/2025\/06\/9X1A1472-HDR-300x188.jpg 300w, https:\/\/stonecastlewine.com\/wp-content\/uploads\/2025\/06\/9X1A1472-HDR-1024x640.jpg 1024w, https:\/\/stonecastlewine.com\/wp-content\/uploads\/2025\/06\/9X1A1472-HDR-768x480.jpg 768w, https:\/\/stonecastlewine.com\/wp-content\/uploads\/2025\/06\/9X1A1472-HDR-1536x960.jpg 1536w\" sizes=\"auto, (max-width: 1728px) 100vw, 1728px\" \/><\/div><div class=\"swiper-slide\"><img loading=\"lazy\" decoding=\"async\" width=\"1728\" height=\"1080\" src=\"https:\/\/stonecastlewine.com\/wp-content\/uploads\/2025\/06\/9X1A5855.jpg\" class=\"attachment-full\" alt=\"\" title=\"9X1A5855\" srcset=\"https:\/\/stonecastlewine.com\/wp-content\/uploads\/2025\/06\/9X1A5855.jpg 1728w, https:\/\/stonecastlewine.com\/wp-content\/uploads\/2025\/06\/9X1A5855-300x188.jpg 300w, https:\/\/stonecastlewine.com\/wp-content\/uploads\/2025\/06\/9X1A5855-1024x640.jpg 1024w, https:\/\/stonecastlewine.com\/wp-content\/uploads\/2025\/06\/9X1A5855-768x480.jpg 768w, https:\/\/stonecastlewine.com\/wp-content\/uploads\/2025\/06\/9X1A5855-1536x960.jpg 1536w\" sizes=\"auto, (max-width: 1728px) 100vw, 1728px\" \/><\/div><div class=\"swiper-slide\"><img loading=\"lazy\" decoding=\"async\" width=\"1728\" height=\"1080\" src=\"https:\/\/stonecastlewine.com\/wp-content\/uploads\/2025\/06\/9X1A5824-1.jpg\" class=\"attachment-full\" alt=\"\" title=\"9X1A5824-(1)\" srcset=\"https:\/\/stonecastlewine.com\/wp-content\/uploads\/2025\/06\/9X1A5824-1.jpg 1728w, https:\/\/stonecastlewine.com\/wp-content\/uploads\/2025\/06\/9X1A5824-1-300x188.jpg 300w, https:\/\/stonecastlewine.com\/wp-content\/uploads\/2025\/06\/9X1A5824-1-1024x640.jpg 1024w, https:\/\/stonecastlewine.com\/wp-content\/uploads\/2025\/06\/9X1A5824-1-768x480.jpg 768w, https:\/\/stonecastlewine.com\/wp-content\/uploads\/2025\/06\/9X1A5824-1-1536x960.jpg 1536w\" sizes=\"auto, (max-width: 1728px) 100vw, 1728px\" \/><\/div><div class=\"swiper-slide\"><img loading=\"lazy\" decoding=\"async\" width=\"1728\" height=\"1080\" src=\"https:\/\/stonecastlewine.com\/wp-content\/uploads\/2025\/06\/9X1A4369-HDR-1.jpg\" class=\"attachment-full\" alt=\"\" title=\"9X1A4369-HDR-(1)\" srcset=\"https:\/\/stonecastlewine.com\/wp-content\/uploads\/2025\/06\/9X1A4369-HDR-1.jpg 1728w, https:\/\/stonecastlewine.com\/wp-content\/uploads\/2025\/06\/9X1A4369-HDR-1-300x188.jpg 300w, https:\/\/stonecastlewine.com\/wp-content\/uploads\/2025\/06\/9X1A4369-HDR-1-1024x640.jpg 1024w, https:\/\/stonecastlewine.com\/wp-content\/uploads\/2025\/06\/9X1A4369-HDR-1-768x480.jpg 768w, https:\/\/stonecastlewine.com\/wp-content\/uploads\/2025\/06\/9X1A4369-HDR-1-1536x960.jpg 1536w\" sizes=\"auto, (max-width: 1728px) 100vw, 1728px\" \/><\/div><div class=\"swiper-slide\"><img loading=\"lazy\" decoding=\"async\" width=\"1619\" height=\"1080\" src=\"https:\/\/stonecastlewine.com\/wp-content\/uploads\/2025\/06\/9X1A4390-HDR.jpg\" class=\"attachment-full\" alt=\"\" title=\"9X1A4390-HDR\" srcset=\"https:\/\/stonecastlewine.com\/wp-content\/uploads\/2025\/06\/9X1A4390-HDR.jpg 1619w, https:\/\/stonecastlewine.com\/wp-content\/uploads\/2025\/06\/9X1A4390-HDR-300x200.jpg 300w, https:\/\/stonecastlewine.com\/wp-content\/uploads\/2025\/06\/9X1A4390-HDR-1024x683.jpg 1024w, https:\/\/stonecastlewine.com\/wp-content\/uploads\/2025\/06\/9X1A4390-HDR-768x512.jpg 768w, https:\/\/stonecastlewine.com\/wp-content\/uploads\/2025\/06\/9X1A4390-HDR-1536x1025.jpg 1536w\" sizes=\"auto, (max-width: 1619px) 100vw, 1619px\" \/><\/div><div class=\"swiper-slide\"><img loading=\"lazy\" decoding=\"async\" width=\"1728\" height=\"1080\" src=\"https:\/\/stonecastlewine.com\/wp-content\/uploads\/2025\/06\/9X1A4429-1.jpg\" class=\"attachment-full\" alt=\"\" title=\"9X1A4429-(1)\" srcset=\"https:\/\/stonecastlewine.com\/wp-content\/uploads\/2025\/06\/9X1A4429-1.jpg 1728w, https:\/\/stonecastlewine.com\/wp-content\/uploads\/2025\/06\/9X1A4429-1-300x188.jpg 300w, https:\/\/stonecastlewine.com\/wp-content\/uploads\/2025\/06\/9X1A4429-1-1024x640.jpg 1024w, https:\/\/stonecastlewine.com\/wp-content\/uploads\/2025\/06\/9X1A4429-1-768x480.jpg 768w, https:\/\/stonecastlewine.com\/wp-content\/uploads\/2025\/06\/9X1A4429-1-1536x960.jpg 1536w\" sizes=\"auto, (max-width: 1728px) 100vw, 1728px\" \/><\/div><div class=\"swiper-slide\"><img loading=\"lazy\" decoding=\"async\" width=\"1820\" height=\"1024\" src=\"https:\/\/stonecastlewine.com\/wp-content\/uploads\/2025\/05\/cellar-sc.jpg\" class=\"attachment-full\" alt=\"\" title=\"cellar-sc\" srcset=\"https:\/\/stonecastlewine.com\/wp-content\/uploads\/2025\/05\/cellar-sc.jpg 1820w, https:\/\/stonecastlewine.com\/wp-content\/uploads\/2025\/05\/cellar-sc-300x169.jpg 300w, https:\/\/stonecastlewine.com\/wp-content\/uploads\/2025\/05\/cellar-sc-1024x576.jpg 1024w, https:\/\/stonecastlewine.com\/wp-content\/uploads\/2025\/05\/cellar-sc-768x432.jpg 768w, https:\/\/stonecastlewine.com\/wp-content\/uploads\/2025\/05\/cellar-sc-1536x864.jpg 1536w\" sizes=\"auto, (max-width: 1820px) 100vw, 1820px\" \/><\/div><div class=\"swiper-slide\"><img loading=\"lazy\" decoding=\"async\" width=\"1820\" height=\"1024\" src=\"https:\/\/stonecastlewine.com\/wp-content\/uploads\/2025\/05\/cellar.jpg\" class=\"attachment-full\" alt=\"\" title=\"cellar\" srcset=\"https:\/\/stonecastlewine.com\/wp-content\/uploads\/2025\/05\/cellar.jpg 1820w, https:\/\/stonecastlewine.com\/wp-content\/uploads\/2025\/05\/cellar-300x169.jpg 300w, https:\/\/stonecastlewine.com\/wp-content\/uploads\/2025\/05\/cellar-1024x576.jpg 1024w, https:\/\/stonecastlewine.com\/wp-content\/uploads\/2025\/05\/cellar-768x432.jpg 768w, https:\/\/stonecastlewine.com\/wp-content\/uploads\/2025\/05\/cellar-1536x864.jpg 1536w\" sizes=\"auto, (max-width: 1820px) 100vw, 1820px\" \/><\/div><div class=\"swiper-slide\"><img loading=\"lazy\" decoding=\"async\" width=\"1434\" height=\"1024\" src=\"https:\/\/stonecastlewine.com\/wp-content\/uploads\/2025\/05\/gipsy-king2.jpg\" class=\"attachment-full\" alt=\"\" title=\"gipsy-king2\" srcset=\"https:\/\/stonecastlewine.com\/wp-content\/uploads\/2025\/05\/gipsy-king2.jpg 1434w, https:\/\/stonecastlewine.com\/wp-content\/uploads\/2025\/05\/gipsy-king2-300x214.jpg 300w, https:\/\/stonecastlewine.com\/wp-content\/uploads\/2025\/05\/gipsy-king2-1024x731.jpg 1024w, https:\/\/stonecastlewine.com\/wp-content\/uploads\/2025\/05\/gipsy-king2-768x548.jpg 768w\" sizes=\"auto, (max-width: 1434px) 100vw, 1434px\" \/><\/div><div class=\"swiper-slide\"><img loading=\"lazy\" decoding=\"async\" width=\"1434\" height=\"1024\" src=\"https:\/\/stonecastlewine.com\/wp-content\/uploads\/2025\/05\/gipsy-king.jpg\" class=\"attachment-full\" alt=\"\" title=\"gipsy-king\" srcset=\"https:\/\/stonecastlewine.com\/wp-content\/uploads\/2025\/05\/gipsy-king.jpg 1434w, https:\/\/stonecastlewine.com\/wp-content\/uploads\/2025\/05\/gipsy-king-300x214.jpg 300w, https:\/\/stonecastlewine.com\/wp-content\/uploads\/2025\/05\/gipsy-king-1024x731.jpg 1024w, https:\/\/stonecastlewine.com\/wp-content\/uploads\/2025\/05\/gipsy-king-768x548.jpg 768w\" sizes=\"auto, (max-width: 1434px) 100vw, 1434px\" \/><\/div>\n\t\t\t<\/div>\n\t\t<\/div>\n\t\t<div id=\"pagination-swiper-1424769235\" class=\"swiper-pagination\"><\/div>\n\t\t<div class=\"media-button-container swiper-nav-container\">\n\t\t<div id=\"btn-next-swiper-1424769235\" class=\"swiper-nav-next\"><svg id=\"swiper-arrow-right\" viewbox=\"0 0 50 12\" width=\"100%\" height=\"100%\"><path fill-rule=\"evenodd\" d=\"M48.078 6.096H.008v.966h48.07l-4.254 4.255.683.683 5.541-5.538L44.507.924l-.683.683z\"><\/path><\/svg><\/div>\n\t\t<div id=\"btn-prev-swiper-1424769235\" class=\"swiper-nav-prev\"><svg id=\"swiper-arrow-left\" viewbox=\"0 0 50 12\" width=\"100%\" height=\"100%\"><path fill-rule=\"evenodd\" d=\"M1.922 5.904h48.07v-.966H1.922L6.176.683 5.493 0-.048 5.538l5.541 5.538.683-.683z\"><\/path><\/svg><\/div>\n\t\t<\/div>\n\t<\/div>\n\t<\/div><\/div><\/div><\/div><\/div><div id=\"our-values\" class=\"vc_row wpb_row vc_row-fluid\"><div class=\"wpb_column vc_column_container vc_col-sm-12\"><div class=\"vc_column-inner\"><div class=\"wpb_wrapper\">\n\t<div class=\"values-grid-wrapper  vc_custom_1750066573077 columns-2 wow\">\n\t<div class=\"values-grid-bg\"><\/div>\n\t<div class=\"values-grid-content\">\n\t<div class=\"col-1\"><h3>Vlerat tona<\/h3>\n\t\t<div class=\"subtitle\"><p data-start=\"156\" data-end=\"265\">Cil\u00ebsit\u00eb n\u00eb zem\u00ebr t\u00eb suksesit ton\u00eb \u2014 t\u00eb rr\u00ebnjosura n\u00eb trash\u00ebgimi, t\u00eb udh\u00ebhequra nga natyra dhe t\u00eb krijuara p\u00ebr t\u00eb ardhmen<\/p>\n<\/div>\n\t<\/div>\n\t<div class=\"col-2\"><div class=\"gg-special-button-wrapper  special-button-align-right special-button-style-btn-primary\"><a class=\"btn btn-primary\" href=\"https:\/\/stonecastlewine.com\/sq\/who-we-are\/vineyards\/\" title=\"M\u00eb shum\u00eb rreth vreshtave ton\u00eb\" target=\"_self\">M\u00eb shum\u00eb rreth vreshtave ton\u00eb<\/a><\/div>\n\t<\/div>\n\t<div class=\"values-grid-area\"><ul class=\"values-grid\"><li data-bg=\"https:\/\/stonecastlewine.com\/wp-content\/uploads\/2025\/05\/9X1A1009.jpg\"><h4>Tradita<\/h4><div class=\"description\">Our foundation is built on centuries of winemaking wisdom passed down through generations. We honor our roots by respecting time-tested techniques while embracing the future of viticulture<\/div><\/li><li data-bg=\"https:\/\/stonecastlewine.com\/wp-content\/uploads\/2020\/02\/demo-pic-wide-1600x857-bw.jpg\"><h4>Storia<\/h4><div class=\"description\">P\u00ebrtej shijes q\u00ebndron nj\u00eb histori. Ver\u00ebrat tona mbartin shtresa kompleksiteti dhe emocionesh - t\u00eb lindura nga lart\u00ebsia, trash\u00ebgimia dhe prekja njer\u00ebzore. Ato ftojn\u00eb jo vet\u00ebm t\u00eb pin\u00eb, por edhe t\u00eb kuptojn\u00eb.<\/div><\/li><li data-bg=\"https:\/\/stonecastlewine.com\/wp-content\/uploads\/2020\/02\/demo-pic-wide-1600x857-bw.jpg\"><h4>Koha<\/h4><div class=\"description\">Koha \u00ebsht\u00eb partneri yn\u00eb m\u00eb i besuar. Nga vreshti n\u00eb bodrum, ne i japim secil\u00ebs ver\u00eb durimin q\u00eb meriton, duke lejuar q\u00eb karakteri t\u00eb shpaloset n\u00eb ritmin e vet.\n<\/div><\/li><li data-bg=\"https:\/\/stonecastlewine.com\/wp-content\/uploads\/2020\/02\/demo-pic-wide-1600x857-bw.jpg\"><h4>Shija<\/h4><div class=\"description\">Ver\u00ebrat tona pasqyrojn\u00eb pasurin\u00eb e tok\u00ebs son\u00eb. T\u00eb guximshme, t\u00eb ekuilibruara dhe ekspresive, \u00e7do shishe \u00ebsht\u00eb nj\u00eb homazh p\u00ebr diellin, tok\u00ebn dhe shpirtin e Kosov\u00ebs.<\/div><\/li><\/ul>\n\t<\/div>\n\t<\/div>\n\t<\/div><\/div><\/div><\/div><\/div>\n<\/div>","protected":false},"excerpt":{"rendered":"Our Story Stone Castle Vineyards and Winery is a story of rebirth and resilience. What began as a state-run winery in 1953 evolved into a symbol of Kosovo\u2019s winemaking revival after its privatization in 2006. Under the vision of Rrustem Gecaj, a Kosovar-American entrepreneur, the winery was transformed\u2014combining heritage with ambition to become the largest<p class=\"more-link-wrapper\"><a class=\"btn btn-primary\" href=\"https:\/\/stonecastlewine.com\/sq\/who-we-are\/\">Read More<\/a><\/p>","protected":false},"author":1,"featured_media":3808,"parent":0,"menu_order":0,"comment_status":"closed","ping_status":"closed","template":"","meta":{"_acf_changed":false,"_monsterinsights_skip_tracking":false,"_monsterinsights_sitenote_active":false,"_monsterinsights_sitenote_note":"","_monsterinsights_sitenote_category":0,"footnotes":""},"class_list":["post-2075","page","type-page","status-publish","has-post-thumbnail","hentry","has_thumb"],"acf":[],"aioseo_notices":[],"_links":{"self":[{"href":"https:\/\/stonecastlewine.com\/sq\/wp-json\/wp\/v2\/pages\/2075","targetHints":{"allow":["GET"]}}],"collection":[{"href":"https:\/\/stonecastlewine.com\/sq\/wp-json\/wp\/v2\/pages"}],"about":[{"href":"https:\/\/stonecastlewine.com\/sq\/wp-json\/wp\/v2\/types\/page"}],"author":[{"embeddable":true,"href":"https:\/\/stonecastlewine.com\/sq\/wp-json\/wp\/v2\/users\/1"}],"replies":[{"embeddable":true,"href":"https:\/\/stonecastlewine.com\/sq\/wp-json\/wp\/v2\/comments?post=2075"}],"version-history":[{"count":7,"href":"https:\/\/stonecastlewine.com\/sq\/wp-json\/wp\/v2\/pages\/2075\/revisions"}],"predecessor-version":[{"id":4476,"href":"https:\/\/stonecastlewine.com\/sq\/wp-json\/wp\/v2\/pages\/2075\/revisions\/4476"}],"wp:featuredmedia":[{"embeddable":true,"href":"https:\/\/stonecastlewine.com\/sq\/wp-json\/wp\/v2\/media\/3808"}],"wp:attachment":[{"href":"https:\/\/stonecastlewine.com\/sq\/wp-json\/wp\/v2\/media?parent=2075"}],"curies":[{"name":"wp","href":"https:\/\/api.w.org\/{rel}","templated":true}]}}