{"id":2077,"date":"2019-12-12T15:52:10","date_gmt":"2019-12-12T15:52:10","guid":{"rendered":"http:\/\/okthemes.com\/lucia-vineyards-demo\/?page_id=2077"},"modified":"2025-07-20T01:24:50","modified_gmt":"2025-07-20T01:24:50","slug":"history","status":"publish","type":"page","link":"https:\/\/stonecastlewine.com\/sq\/who-we-are\/history\/","title":{"rendered":"Historia"},"content":{"rendered":"<div class=\"wpb-content-wrapper\"><div class=\"vc_row wpb_row vc_row-fluid vc_custom_1579620585382 vc_row-o-equal-height vc_row-o-content-middle vc_row-flex\"><div class=\"wpb_column vc_column_container vc_col-sm-6 vc_col-xs-6 vc_col-has-fill\"><div class=\"vc_column-inner vc_custom_1750337113562\"><div class=\"wpb_wrapper\">\n\t<div class=\"title-subtitle-box\" style=\" text-align: center;\">\n\t\t<h1 style=\" font-size:90px; line-height:90px; font-weight: normal;\" class=\"special-title\" >\n\t\t<span class=\"toptitle\" style=\"\">Temeli<\/span>1953<\/h1>\n\t\t<span class=\"gg-horizontal-line\"><\/span>\n\t\t<div class=\"box-description\"><p data-start=\"150\" data-end=\"336\">Veraria Stone Castle u themelua fillimisht si \u201cNBI Rahoveci\u201d, nj\u00eb verari e madhe shtet\u00ebrore e nd\u00ebrtuar nga qeveria jugosllave p\u00ebr t\u00eb rritur prodhimin e ver\u00ebs n\u00eb rajonin e Lugin\u00ebs s\u00eb Rahovecit.<\/p>\n<\/div>\n\t<\/div> <\/div><\/div><\/div><div class=\"reveal-effect masker wow wpb_column vc_column_container vc_col-sm-6 vc_col-xs-6 vc_col-has-fill\"><div class=\"vc_column-inner vc_custom_1752974618000\"><div class=\"wpb_wrapper\"><div class=\"vc_empty_space\"   style=\"height: 500px\"><span class=\"vc_empty_space_inner\"><\/span><\/div><\/div><\/div><\/div><\/div><div class=\"vc_row wpb_row vc_row-fluid vc_custom_1579620732963 vc_row-o-equal-height vc_row-o-content-middle vc_row-flex\"><div class=\"reveal-effect masker wow wpb_column vc_column_container vc_col-sm-6 vc_col-xs-6 vc_col-has-fill\"><div class=\"vc_column-inner vc_custom_1750337151993\"><div class=\"wpb_wrapper\"><div class=\"vc_empty_space\"   style=\"height: 500px\"><span class=\"vc_empty_space_inner\"><\/span><\/div><\/div><\/div><\/div><div class=\"wpb_column vc_column_container vc_col-sm-6 vc_col-xs-6 vc_col-has-fill\"><div class=\"vc_column-inner vc_custom_1750337162630\"><div class=\"wpb_wrapper\">\n\t<div class=\"title-subtitle-box\" style=\" text-align: center;\">\n\t\t<h1 style=\" font-size:90px; line-height:90px; font-weight: normal;\" class=\"special-title\" >\n\t\t<span class=\"toptitle\" style=\"\">Hapi p\u00ebrpara<\/span>1974<\/h1>\n\t\t<span class=\"gg-horizontal-line\"><\/span>\n\t\t<div class=\"box-description\"><p data-start=\"338\" data-end=\"526\">Rrustem Gecaj, nj\u00eb shqiptar nga Kosova, iku nga Jugosllavia komuniste p\u00ebr nj\u00eb jet\u00eb m\u00eb t\u00eb mir\u00eb jasht\u00eb vendit. Ai u zhvendos fillimisht n\u00eb Itali, pastaj m\u00eb von\u00eb n\u00eb Kanada, duke k\u00ebrkuar liri dhe mund\u00ebsi t\u00eb reja.<\/p>\n<\/div>\n\t<\/div> <\/div><\/div><\/div><\/div><div class=\"vc_row wpb_row vc_row-fluid vc_custom_1750335705743 vc_row-has-fill vc_row-o-equal-height vc_row-o-content-middle vc_row-flex\"><div class=\"wpb_column vc_column_container vc_col-sm-6 vc_col-xs-6\"><div class=\"vc_column-inner vc_custom_1750336819782\"><div class=\"wpb_wrapper\">\n\t<div class=\"title-subtitle-box  vc_custom_1748521679870\" style=\" text-align: center;\">\n\t\t<h1 style=\" font-size:90px; line-height:90px; font-weight: normal;\" class=\"special-title\" >\n\t\t<span class=\"toptitle\" style=\"\">Rr\u00ebnjet Amerikane<\/span>1976<\/h1>\n\t\t<span class=\"gg-horizontal-line\"><\/span>\n\t\t<div class=\"box-description\"><p data-start=\"528\" data-end=\"727\">Pasi mori nj\u00eb viz\u00eb amerikane, Gecaj u vendos n\u00eb New York City dhe filloi t\u00eb punonte n\u00eb restorante. Brenda pak muajsh, ai u b\u00eb shef kuzhine dhe punoi me pasion n\u00eb bot\u00ebn e kuzhin\u00ebs p\u00ebr tre vjet. Pas k\u00ebsaj, ai iu bashkua bot\u00ebs s\u00eb investimeve n\u00eb pasuri t\u00eb paluajtshme.<\/p>\n<\/div>\n\t<\/div> <\/div><\/div><\/div><div class=\"reveal-effect masker wow wpb_column vc_column_container vc_col-sm-6 vc_col-xs-6 vc_col-has-fill\"><div class=\"vc_column-inner vc_custom_1750336836022\"><div class=\"wpb_wrapper\"><\/div><\/div><\/div><\/div><div class=\"vc_row wpb_row vc_row-fluid vc_custom_1579620726994 vc_row-o-equal-height vc_row-o-content-middle vc_row-flex\"><div class=\"wpb_column vc_column_container vc_col-sm-6 vc_col-xs-6 vc_col-has-fill\"><div class=\"vc_column-inner vc_custom_1750337203105\"><div class=\"wpb_wrapper\">\n\t<div class=\"title-subtitle-box\" style=\" text-align: center;\">\n\t\t<h1 style=\" font-size:90px; line-height:90px; font-weight: normal;\" class=\"special-title\" >\n\t\t<span class=\"toptitle\" style=\"\">Pronari i ri<\/span>2006<\/h1>\n\t\t<span class=\"gg-horizontal-line\"><\/span>\n\t\t<div class=\"box-description\"><p data-start=\"729\" data-end=\"914\">N\u00eb vitin 2006, familja Gecaj bleu ish-vreshtarin\u00eb NBI Rahoveci dhe e riem\u00ebrtoi at\u00eb n\u00eb Stone Castle. Prona p\u00ebrdor vet\u00ebm rrush t\u00eb kultivuar n\u00eb pron\u00eb nga Lugina e famshme e Rahovecit e Kosov\u00ebs.<\/p>\n<\/div>\n\t<\/div> <\/div><\/div><\/div><div class=\"reveal-effect masker wow wpb_column vc_column_container vc_col-sm-6 vc_col-xs-6 vc_col-has-fill\"><div class=\"vc_column-inner vc_custom_1752974683642\"><div class=\"wpb_wrapper\"><div class=\"vc_empty_space\"   style=\"height: 500px\"><span class=\"vc_empty_space_inner\"><\/span><\/div><\/div><\/div><\/div><\/div><div class=\"vc_row wpb_row vc_row-fluid vc_custom_1579620719742 vc_row-o-equal-height vc_row-o-content-middle vc_row-flex\"><div class=\"reveal-effect masker wow wpb_column vc_column_container vc_col-sm-6 vc_col-xs-6 vc_col-has-fill\"><div class=\"vc_column-inner vc_custom_1750337220256\"><div class=\"wpb_wrapper\"><div class=\"vc_empty_space\"   style=\"height: 500px\"><span class=\"vc_empty_space_inner\"><\/span><\/div><\/div><\/div><\/div><div class=\"wpb_column vc_column_container vc_col-sm-6 vc_col-xs-6 vc_col-has-fill\"><div class=\"vc_column-inner vc_custom_1750337227327\"><div class=\"wpb_wrapper\">\n\t<div class=\"title-subtitle-box\" style=\" text-align: center;\">\n\t\t<h1 style=\" font-size:90px; line-height:90px; font-weight: normal;\" class=\"special-title\" >\n\t\t<span class=\"toptitle\" style=\"\">\u00c7mimet<\/span>2018-2020<\/h1>\n\t\t<span class=\"gg-horizontal-line\"><\/span>\n\t\t<div class=\"box-description\"><p data-start=\"434\" data-end=\"658\">Stone Castle fiton \u00e7mime t\u00eb shumta nd\u00ebrkomb\u00ebtare, duke p\u00ebrfshir\u00eb medalje nga Ultimate Wine Challenge, Catavinum World Wine &amp; Spirits dhe New York International Wine Competition \u2014 duke vendosur njohje globale. N\u00eb vitin 2020, Stone Castle fiton <em data-start=\"690\" data-end=\"703\">Double Gold<\/em> dhe <em data-start=\"708\" data-end=\"719\">95 Points<\/em> at the New York International Wine Competition, marking one of its highest-scoring years.<\/p>\n<\/div>\n\t<\/div> <\/div><\/div><\/div><\/div>\n<\/div>","protected":false},"excerpt":{"rendered":"Foundation1953 Stone Castle Winery was originally founded as \u201cNBI Rahoveci,\u201d a large, state-run winery built by the Yugoslav government to boost wine production in the Rahovec Valley region The step forward1974 Rrustem Gecaj, an Albanian from Kosovo, fled communist Yugoslavia for a better life abroad. He first moved to Italy, then later to Canada, seeking<p class=\"more-link-wrapper\"><a class=\"btn btn-primary\" href=\"https:\/\/stonecastlewine.com\/sq\/who-we-are\/history\/\">Read More<\/a><\/p>","protected":false},"author":1,"featured_media":3808,"parent":2075,"menu_order":0,"comment_status":"closed","ping_status":"closed","template":"","meta":{"_acf_changed":false,"_monsterinsights_skip_tracking":false,"_monsterinsights_sitenote_active":false,"_monsterinsights_sitenote_note":"","_monsterinsights_sitenote_category":0,"footnotes":""},"class_list":["post-2077","page","type-page","status-publish","has-post-thumbnail","hentry","has_thumb"],"acf":[],"aioseo_notices":[],"_links":{"self":[{"href":"https:\/\/stonecastlewine.com\/sq\/wp-json\/wp\/v2\/pages\/2077","targetHints":{"allow":["GET"]}}],"collection":[{"href":"https:\/\/stonecastlewine.com\/sq\/wp-json\/wp\/v2\/pages"}],"about":[{"href":"https:\/\/stonecastlewine.com\/sq\/wp-json\/wp\/v2\/types\/page"}],"author":[{"embeddable":true,"href":"https:\/\/stonecastlewine.com\/sq\/wp-json\/wp\/v2\/users\/1"}],"replies":[{"embeddable":true,"href":"https:\/\/stonecastlewine.com\/sq\/wp-json\/wp\/v2\/comments?post=2077"}],"version-history":[{"count":19,"href":"https:\/\/stonecastlewine.com\/sq\/wp-json\/wp\/v2\/pages\/2077\/revisions"}],"predecessor-version":[{"id":4491,"href":"https:\/\/stonecastlewine.com\/sq\/wp-json\/wp\/v2\/pages\/2077\/revisions\/4491"}],"up":[{"embeddable":true,"href":"https:\/\/stonecastlewine.com\/sq\/wp-json\/wp\/v2\/pages\/2075"}],"wp:featuredmedia":[{"embeddable":true,"href":"https:\/\/stonecastlewine.com\/sq\/wp-json\/wp\/v2\/media\/3808"}],"wp:attachment":[{"href":"https:\/\/stonecastlewine.com\/sq\/wp-json\/wp\/v2\/media?parent=2077"}],"curies":[{"name":"wp","href":"https:\/\/api.w.org\/{rel}","templated":true}]}}