{"id":3502,"date":"2020-01-15T13:08:13","date_gmt":"2020-01-15T13:08:13","guid":{"rendered":"http:\/\/okthemes.com\/lucia-vineyards-demo\/cart\/"},"modified":"2026-03-10T14:11:29","modified_gmt":"2026-03-10T14:11:29","slug":"cart-2","status":"publish","type":"page","link":"https:\/\/stonecastlewine.com\/sq\/cart-2\/","title":{"rendered":"Cart"},"content":{"rendered":"<div class=\"wpb-content-wrapper\"><div class=\"vc_row wpb_row vc_row-fluid\"><div class=\"wpb_column vc_column_container vc_col-sm-12\"><div class=\"vc_column-inner\"><div class=\"wpb_wrapper\">\n\t<div class=\"wpb_text_column wpb_content_element\" >\n\t\t<div class=\"wpb_wrapper\">\n\t\t\t\n\t\t<\/div>\n\t<\/div>\n<\/div><\/div><\/div><\/div><div class=\"woocommerce\"><div class=\"woocommerce-notices-wrapper\"><\/div><div class=\"wc-empty-cart-message\">\n\t<div class=\"cart-empty woocommerce-info\" role=\"status\">\n\t\tShporta juaj \u00ebsht\u00eb e zbraz\u00ebt.\t<\/div>\n<\/div>\t<p class=\"return-to-shop\">\n\t\t<a class=\"button wc-backward\" href=\"https:\/\/stonecastlewine.com\/sq\/shop-the-wines\/\">\n\t\t\tKthehu te shitorja\t\t<\/a>\n\t<\/p>\n<\/div><div class=\"vc_row wpb_row vc_row-fluid\"><div class=\"wpb_column vc_column_container vc_col-sm-12\"><div class=\"vc_column-inner\"><div class=\"wpb_wrapper\">\n\t<div class=\"wpb_text_column wpb_content_element\" >\n\t\t<div class=\"wpb_wrapper\">\n\t\t\t\n\t\t<\/div>\n\t<\/div>\n<\/div><\/div><\/div><\/div>\n<\/div>","protected":false},"excerpt":{"rendered":"Shporta juaj \u00ebsht\u00eb e zbraz\u00ebt. Kthehu te shitorja","protected":false},"author":1,"featured_media":0,"parent":0,"menu_order":0,"comment_status":"closed","ping_status":"closed","template":"","meta":{"_acf_changed":false,"_monsterinsights_skip_tracking":false,"_monsterinsights_sitenote_active":false,"_monsterinsights_sitenote_note":"","_monsterinsights_sitenote_category":0,"footnotes":""},"class_list":["post-3502","page","type-page","status-publish","hentry"],"acf":[],"aioseo_notices":[],"_links":{"self":[{"href":"https:\/\/stonecastlewine.com\/sq\/wp-json\/wp\/v2\/pages\/3502","targetHints":{"allow":["GET"]}}],"collection":[{"href":"https:\/\/stonecastlewine.com\/sq\/wp-json\/wp\/v2\/pages"}],"about":[{"href":"https:\/\/stonecastlewine.com\/sq\/wp-json\/wp\/v2\/types\/page"}],"author":[{"embeddable":true,"href":"https:\/\/stonecastlewine.com\/sq\/wp-json\/wp\/v2\/users\/1"}],"replies":[{"embeddable":true,"href":"https:\/\/stonecastlewine.com\/sq\/wp-json\/wp\/v2\/comments?post=3502"}],"version-history":[{"count":2,"href":"https:\/\/stonecastlewine.com\/sq\/wp-json\/wp\/v2\/pages\/3502\/revisions"}],"predecessor-version":[{"id":3963,"href":"https:\/\/stonecastlewine.com\/sq\/wp-json\/wp\/v2\/pages\/3502\/revisions\/3963"}],"wp:attachment":[{"href":"https:\/\/stonecastlewine.com\/sq\/wp-json\/wp\/v2\/media?parent=3502"}],"curies":[{"name":"wp","href":"https:\/\/api.w.org\/{rel}","templated":true}]}}