{"id":4504,"date":"2025-07-28T11:28:48","date_gmt":"2025-07-28T11:28:48","guid":{"rendered":"https:\/\/stonecastlewine.com\/?page_id=4504"},"modified":"2025-09-08T08:20:00","modified_gmt":"2025-09-08T08:20:00","slug":"wine-tour-visit","status":"publish","type":"page","link":"https:\/\/stonecastlewine.com\/sq\/wine-tour-visit\/","title":{"rendered":"Wine Tour &#8211; Visit"},"content":{"rendered":"<div class=\"wpb-content-wrapper\"><div class=\"vc_row wpb_row vc_row-fluid\"><div class=\"wpb_column vc_column_container vc_col-sm-12 vc_hidden-xs\"><div class=\"vc_column-inner\"><div class=\"wpb_wrapper\"><h2 style=\"text-align: left;font-family:Abril Fatface;font-weight:400;font-style:normal\" class=\"vc_custom_heading\" >Stone Castle Tour<\/h2>\n\t<div  class=\"wpb_single_image wpb_content_element vc_align_center\">\n\t\t\n\t\t<figure class=\"wpb_wrapper vc_figure\">\n\t\t\t<div class=\"vc_single_image-wrapper   vc_box_border_grey\"><img loading=\"lazy\" decoding=\"async\" data-vc-zoom=\"https:\/\/stonecastlewine.com\/wp-content\/uploads\/2025\/07\/Stone-Castle_English-1024x576.png\" width=\"1920\" height=\"1080\" src=\"https:\/\/stonecastlewine.com\/wp-content\/uploads\/2025\/07\/Stone-Castle_English.png\" class=\"vc_single_image-img attachment-full\" alt=\"\" title=\"Stone Castle_English\" srcset=\"https:\/\/stonecastlewine.com\/wp-content\/uploads\/2025\/07\/Stone-Castle_English.png 1920w, https:\/\/stonecastlewine.com\/wp-content\/uploads\/2025\/07\/Stone-Castle_English-300x169.png 300w, https:\/\/stonecastlewine.com\/wp-content\/uploads\/2025\/07\/Stone-Castle_English-1024x576.png 1024w, https:\/\/stonecastlewine.com\/wp-content\/uploads\/2025\/07\/Stone-Castle_English-768x432.png 768w, https:\/\/stonecastlewine.com\/wp-content\/uploads\/2025\/07\/Stone-Castle_English-1536x864.png 1536w\" sizes=\"auto, (max-width: 1920px) 100vw, 1920px\" \/><\/div>\n\t\t<\/figure>\n\t<\/div>\n<\/div><\/div><\/div><\/div><div class=\"vc_row wpb_row vc_row-fluid\"><div class=\"wpb_column vc_column_container vc_col-sm-12 vc_hidden-xs\"><div class=\"vc_column-inner\"><div class=\"wpb_wrapper\"><h2 style=\"text-align: left;font-family:Abril Fatface;font-weight:400;font-style:normal\" class=\"vc_custom_heading\" >Wine Stories Tour<\/h2>\n\t<div  class=\"wpb_single_image wpb_content_element vc_align_center\">\n\t\t\n\t\t<figure class=\"wpb_wrapper vc_figure\">\n\t\t\t<div class=\"vc_single_image-wrapper   vc_box_border_grey\"><img loading=\"lazy\" decoding=\"async\" width=\"1920\" height=\"1081\" src=\"https:\/\/stonecastlewine.com\/wp-content\/uploads\/2025\/07\/Wine-Stories.png\" class=\"vc_single_image-img attachment-full\" alt=\"\" title=\"Wine Stories\" srcset=\"https:\/\/stonecastlewine.com\/wp-content\/uploads\/2025\/07\/Wine-Stories.png 1920w, https:\/\/stonecastlewine.com\/wp-content\/uploads\/2025\/07\/Wine-Stories-300x169.png 300w, https:\/\/stonecastlewine.com\/wp-content\/uploads\/2025\/07\/Wine-Stories-1024x577.png 1024w, https:\/\/stonecastlewine.com\/wp-content\/uploads\/2025\/07\/Wine-Stories-768x432.png 768w, https:\/\/stonecastlewine.com\/wp-content\/uploads\/2025\/07\/Wine-Stories-1536x865.png 1536w\" sizes=\"auto, (max-width: 1920px) 100vw, 1920px\" \/><\/div>\n\t\t<\/figure>\n\t<\/div>\n<\/div><\/div><\/div><\/div><div class=\"vc_row wpb_row vc_row-fluid\"><div class=\"wpb_column vc_column_container vc_col-sm-12 vc_hidden-xs\"><div class=\"vc_column-inner\"><div class=\"wpb_wrapper\"><h2 style=\"text-align: left;font-family:Abril Fatface;font-weight:400;font-style:normal\" class=\"vc_custom_heading\" >Gecaj Estate Tour<\/h2>\n\t<div  class=\"wpb_single_image wpb_content_element vc_align_center\">\n\t\t\n\t\t<figure class=\"wpb_wrapper vc_figure\">\n\t\t\t<div class=\"vc_single_image-wrapper   vc_box_border_grey\"><img loading=\"lazy\" decoding=\"async\" width=\"1920\" height=\"1081\" src=\"https:\/\/stonecastlewine.com\/wp-content\/uploads\/2025\/07\/Gecaj-Estate_English.png\" class=\"vc_single_image-img attachment-full\" alt=\"\" title=\"Gecaj Estate_English\" srcset=\"https:\/\/stonecastlewine.com\/wp-content\/uploads\/2025\/07\/Gecaj-Estate_English.png 1920w, https:\/\/stonecastlewine.com\/wp-content\/uploads\/2025\/07\/Gecaj-Estate_English-300x169.png 300w, https:\/\/stonecastlewine.com\/wp-content\/uploads\/2025\/07\/Gecaj-Estate_English-1024x577.png 1024w, https:\/\/stonecastlewine.com\/wp-content\/uploads\/2025\/07\/Gecaj-Estate_English-768x432.png 768w, https:\/\/stonecastlewine.com\/wp-content\/uploads\/2025\/07\/Gecaj-Estate_English-1536x865.png 1536w\" sizes=\"auto, (max-width: 1920px) 100vw, 1920px\" \/><\/div>\n\t\t<\/figure>\n\t<\/div>\n<\/div><\/div><\/div><\/div><div class=\"vc_row wpb_row vc_row-fluid\"><div class=\"wpb_column vc_column_container vc_col-sm-12 vc_hidden-sm vc_hidden-xs\"><div class=\"vc_column-inner\"><div class=\"wpb_wrapper\">\n\t<div class=\"wpb_text_column wpb_content_element\" >\n\t\t<div class=\"wpb_wrapper\">\n\t\t\t<p style=\"text-align: center;\"><span style=\"color: #ffffff;\"><strong>Ju lutemi t\u00eb b\u00ebni rezervimin tuaj t\u00eb pakt\u00ebn 48 or\u00eb p\u00ebrpara.<\/strong><\/span><br \/>\n<span style=\"color: #ffffff;\">StoneCastle \u00ebsht\u00eb i hapur Hane - Shtune nga ora 10:00 deri n\u00eb 16:00, vet\u00ebm me takim paraprak.<\/span><\/p>\n<p style=\"text-align: center;\"><span style=\"color: #ffffff;\">Call us: +383 29 276 053 or +383 49 938 710.<\/span><br \/>\n<span style=\"color: #ffffff;\">Email: booking@stonecastlewine.com<\/span><\/p>\n\n\t\t<\/div>\n\t<\/div>\n<\/div><\/div><\/div><\/div><div class=\"vc_row wpb_row vc_row-fluid\"><div class=\"wpb_column vc_column_container vc_col-sm-12 vc_hidden-lg vc_hidden-md\"><div class=\"vc_column-inner\"><div class=\"wpb_wrapper\"><h2 style=\"text-align: left;font-family:Abril Fatface;font-weight:400;font-style:normal\" class=\"vc_custom_heading\" >Stone Castle Tour<\/h2>\n\t<div  class=\"wpb_single_image wpb_content_element vc_align_center\">\n\t\t\n\t\t<figure class=\"wpb_wrapper vc_figure\">\n\t\t\t<div class=\"vc_single_image-wrapper vc_box_rounded  vc_box_border_grey\"><img loading=\"lazy\" decoding=\"async\" width=\"1080\" height=\"1280\" src=\"https:\/\/stonecastlewine.com\/wp-content\/uploads\/2025\/08\/sc-tour-mobi.jpg\" class=\"vc_single_image-img attachment-full\" alt=\"\" title=\"sc-tour-mobi\" srcset=\"https:\/\/stonecastlewine.com\/wp-content\/uploads\/2025\/08\/sc-tour-mobi.jpg 1080w, https:\/\/stonecastlewine.com\/wp-content\/uploads\/2025\/08\/sc-tour-mobi-253x300.jpg 253w, https:\/\/stonecastlewine.com\/wp-content\/uploads\/2025\/08\/sc-tour-mobi-864x1024.jpg 864w, https:\/\/stonecastlewine.com\/wp-content\/uploads\/2025\/08\/sc-tour-mobi-768x910.jpg 768w\" sizes=\"auto, (max-width: 1080px) 100vw, 1080px\" \/><\/div>\n\t\t<\/figure>\n\t<\/div>\n<\/div><\/div><\/div><\/div><div class=\"vc_row wpb_row vc_row-fluid\"><div class=\"wpb_column vc_column_container vc_col-sm-12 vc_hidden-lg vc_hidden-md\"><div class=\"vc_column-inner\"><div class=\"wpb_wrapper\"><h2 style=\"text-align: left;font-family:Abril Fatface;font-weight:400;font-style:normal\" class=\"vc_custom_heading\" >Wine Stories Tour<\/h2>\n\t<div  class=\"wpb_single_image wpb_content_element vc_align_center\">\n\t\t\n\t\t<figure class=\"wpb_wrapper vc_figure\">\n\t\t\t<div class=\"vc_single_image-wrapper vc_box_rounded  vc_box_border_grey\"><img loading=\"lazy\" decoding=\"async\" width=\"1077\" height=\"1324\" src=\"https:\/\/stonecastlewine.com\/wp-content\/uploads\/2025\/08\/wine-stories-mobi.jpg\" class=\"vc_single_image-img attachment-full\" alt=\"\" title=\"wine-stories-mobi\" srcset=\"https:\/\/stonecastlewine.com\/wp-content\/uploads\/2025\/08\/wine-stories-mobi.jpg 1077w, https:\/\/stonecastlewine.com\/wp-content\/uploads\/2025\/08\/wine-stories-mobi-244x300.jpg 244w, https:\/\/stonecastlewine.com\/wp-content\/uploads\/2025\/08\/wine-stories-mobi-833x1024.jpg 833w, https:\/\/stonecastlewine.com\/wp-content\/uploads\/2025\/08\/wine-stories-mobi-768x944.jpg 768w\" sizes=\"auto, (max-width: 1077px) 100vw, 1077px\" \/><\/div>\n\t\t<\/figure>\n\t<\/div>\n<\/div><\/div><\/div><\/div><div class=\"vc_row wpb_row vc_row-fluid\"><div class=\"wpb_column vc_column_container vc_col-sm-12 vc_hidden-lg vc_hidden-md\"><div class=\"vc_column-inner\"><div class=\"wpb_wrapper\"><h2 style=\"text-align: left;font-family:Abril Fatface;font-weight:400;font-style:normal\" class=\"vc_custom_heading\" >Gecaj Estate Tour<\/h2>\n\t<div  class=\"wpb_single_image wpb_content_element vc_align_center\">\n\t\t\n\t\t<figure class=\"wpb_wrapper vc_figure\">\n\t\t\t<div class=\"vc_single_image-wrapper vc_box_rounded  vc_box_border_grey\"><img loading=\"lazy\" decoding=\"async\" width=\"1077\" height=\"1274\" src=\"https:\/\/stonecastlewine.com\/wp-content\/uploads\/2025\/08\/gecaj-mobi.jpg\" class=\"vc_single_image-img attachment-full\" alt=\"\" title=\"gecaj-mobi\" srcset=\"https:\/\/stonecastlewine.com\/wp-content\/uploads\/2025\/08\/gecaj-mobi.jpg 1077w, https:\/\/stonecastlewine.com\/wp-content\/uploads\/2025\/08\/gecaj-mobi-254x300.jpg 254w, https:\/\/stonecastlewine.com\/wp-content\/uploads\/2025\/08\/gecaj-mobi-866x1024.jpg 866w, https:\/\/stonecastlewine.com\/wp-content\/uploads\/2025\/08\/gecaj-mobi-768x908.jpg 768w\" sizes=\"auto, (max-width: 1077px) 100vw, 1077px\" \/><\/div>\n\t\t<\/figure>\n\t<\/div>\n<\/div><\/div><\/div><\/div><div class=\"vc_row wpb_row vc_row-fluid\"><div class=\"wpb_column vc_column_container vc_col-sm-12 vc_hidden-lg vc_hidden-md\"><div class=\"vc_column-inner\"><div class=\"wpb_wrapper\">\n\t<div class=\"wpb_text_column wpb_content_element\" >\n\t\t<div class=\"wpb_wrapper\">\n\t\t\t<p style=\"text-align: center;\"><span style=\"color: #ffffff;\"><strong>Ju lutemi t\u00eb b\u00ebni rezervimin tuaj t\u00eb pakt\u00ebn 48 or\u00eb p\u00ebrpara.<\/strong><\/span><br \/>\n<span style=\"color: #ffffff;\">StoneCastle is open Monday &#8211; Saturday between 9 AM and 4 PM by appointment only.<\/span><\/p>\n<p style=\"text-align: center;\"><span style=\"color: #ffffff;\">Call us: +383 29 276 053 or +383 49 938 710.<\/span><br \/>\n<span style=\"color: #ffffff;\">Email: booking@stonecastlewine.com<\/span><\/p>\n\n\t\t<\/div>\n\t<\/div>\n<\/div><\/div><\/div><\/div>\n<\/div>","protected":false},"excerpt":{"rendered":"Stone Castle Tour Wine Stories Tour Gecaj Estate Tour Please make your reservation at least 48h ahead. StoneCastle is open daily between 10 AM and 4 PM by appointment only. Call us: +383 29 276 053 or +383 49 938 710. Email us: booking@stonecastlewine.com Stone Castle Tour Wine Stories Tour Gecaj Estate Tour Please make<p class=\"more-link-wrapper\"><a class=\"btn btn-primary\" href=\"https:\/\/stonecastlewine.com\/sq\/wine-tour-visit\/\">Read More<\/a><\/p>","protected":false},"author":1,"featured_media":0,"parent":0,"menu_order":0,"comment_status":"closed","ping_status":"closed","template":"","meta":{"_acf_changed":false,"_monsterinsights_skip_tracking":false,"_monsterinsights_sitenote_active":false,"_monsterinsights_sitenote_note":"","_monsterinsights_sitenote_category":0,"footnotes":""},"class_list":["post-4504","page","type-page","status-publish","hentry"],"acf":[],"aioseo_notices":[],"_links":{"self":[{"href":"https:\/\/stonecastlewine.com\/sq\/wp-json\/wp\/v2\/pages\/4504","targetHints":{"allow":["GET"]}}],"collection":[{"href":"https:\/\/stonecastlewine.com\/sq\/wp-json\/wp\/v2\/pages"}],"about":[{"href":"https:\/\/stonecastlewine.com\/sq\/wp-json\/wp\/v2\/types\/page"}],"author":[{"embeddable":true,"href":"https:\/\/stonecastlewine.com\/sq\/wp-json\/wp\/v2\/users\/1"}],"replies":[{"embeddable":true,"href":"https:\/\/stonecastlewine.com\/sq\/wp-json\/wp\/v2\/comments?post=4504"}],"version-history":[{"count":16,"href":"https:\/\/stonecastlewine.com\/sq\/wp-json\/wp\/v2\/pages\/4504\/revisions"}],"predecessor-version":[{"id":4555,"href":"https:\/\/stonecastlewine.com\/sq\/wp-json\/wp\/v2\/pages\/4504\/revisions\/4555"}],"wp:attachment":[{"href":"https:\/\/stonecastlewine.com\/sq\/wp-json\/wp\/v2\/media?parent=4504"}],"curies":[{"name":"wp","href":"https:\/\/api.w.org\/{rel}","templated":true}]}}