{"id":4556,"date":"2025-09-10T07:23:06","date_gmt":"2025-09-10T07:23:06","guid":{"rendered":"https:\/\/stonecastlewine.com\/?page_id=4556"},"modified":"2025-09-10T07:24:15","modified_gmt":"2025-09-10T07:24:15","slug":"international-availability","status":"publish","type":"page","link":"https:\/\/stonecastlewine.com\/sq\/international-availability\/","title":{"rendered":"Disponueshm\u00ebria Nd\u00ebrkomb\u00ebtare"},"content":{"rendered":"<div class=\"wpb-content-wrapper\"><div class=\"vc_row wpb_row vc_row-fluid\"><div class=\"wpb_column vc_column_container vc_col-sm-12\"><div class=\"vc_column-inner\"><div class=\"wpb_wrapper\"><h2 style=\"text-align: left;font-family:Abril Fatface;font-weight:400;font-style:normal\" class=\"vc_custom_heading\" >Disponueshm\u00ebria Nd\u00ebrkomb\u00ebtare<\/h2><\/div><\/div><\/div><\/div><div class=\"vc_row wpb_row vc_row-fluid\"><div class=\"wpb_column vc_column_container vc_col-sm-12\"><div class=\"vc_column-inner\"><div class=\"wpb_wrapper\">\n\t<div class=\"wpb_text_column wpb_content_element\" >\n\t\t<div class=\"wpb_wrapper\">\n\t\t\t<p><span style=\"color: #ffffff;\">Stone Castle USA &#8211; info@stonecastleus.com<\/span><\/p>\n<p class=\"p1\"><span style=\"color: #ffffff;\">Easy Vins Sarl, Switzerland. Contact: ismet.bajrami@easy-immob.ch; tel: +41799590167<\/span><\/p>\n<p class=\"p1\"><span style=\"color: #ffffff;\">Amphora SH.P.K. Albania. Contact: amphorashpk@hotmail.com; tel: +355 68 90 46 112.<\/span><\/p>\n<p class=\"p1\"><span style=\"color: #ffffff;\">Propak D.O.O. Croatia. Contact: ivan@propak.hr; tel: +385912308684.<\/span><\/p>\n<p class=\"p1\"><span style=\"color: #ffffff;\">Dardania Wine AB, Sweden. Contact: info@dardaniawine.se; tel: +46721519537.<\/span><\/p>\n<p class=\"p1\"><span style=\"color: #ffffff;\">Fine Wines Direct United Kingdom. Contact: enquiries@finewinesdirectuk.com; tel: +44 2920787500.<\/span><\/p>\n<p>&nbsp;<\/p>\n\n\t\t<\/div>\n\t<\/div>\n<\/div><\/div><\/div><\/div>\n<\/div>","protected":false},"excerpt":{"rendered":"International Availability Stone Castle USA - info@stonecastleus.com Easy Vins Sarl, Switzerland. Contact: ismet.bajrami@easy-immob.ch; tel: +41799590167 Amphora SH.P.K. Albania. Contact: amphorashpk@hotmail.com; tel: +355 68 90 46 112. Propak D.O.O. Croatia. Contact: ivan@propak.hr; tel: +385912308684. Dardania Wine AB, Sweden. Contact: info@dardaniawine.se; tel: +46721519537. Fine Wines Direct United Kingdom. Contact: enquiries@finewinesdirectuk.com; tel: +44 2920787500. &nbsp;","protected":false},"author":1,"featured_media":0,"parent":0,"menu_order":0,"comment_status":"closed","ping_status":"closed","template":"","meta":{"_acf_changed":false,"_monsterinsights_skip_tracking":false,"_monsterinsights_sitenote_active":false,"_monsterinsights_sitenote_note":"","_monsterinsights_sitenote_category":0,"footnotes":""},"class_list":["post-4556","page","type-page","status-publish","hentry"],"acf":[],"aioseo_notices":[],"_links":{"self":[{"href":"https:\/\/stonecastlewine.com\/sq\/wp-json\/wp\/v2\/pages\/4556","targetHints":{"allow":["GET"]}}],"collection":[{"href":"https:\/\/stonecastlewine.com\/sq\/wp-json\/wp\/v2\/pages"}],"about":[{"href":"https:\/\/stonecastlewine.com\/sq\/wp-json\/wp\/v2\/types\/page"}],"author":[{"embeddable":true,"href":"https:\/\/stonecastlewine.com\/sq\/wp-json\/wp\/v2\/users\/1"}],"replies":[{"embeddable":true,"href":"https:\/\/stonecastlewine.com\/sq\/wp-json\/wp\/v2\/comments?post=4556"}],"version-history":[{"count":3,"href":"https:\/\/stonecastlewine.com\/sq\/wp-json\/wp\/v2\/pages\/4556\/revisions"}],"predecessor-version":[{"id":4559,"href":"https:\/\/stonecastlewine.com\/sq\/wp-json\/wp\/v2\/pages\/4556\/revisions\/4559"}],"wp:attachment":[{"href":"https:\/\/stonecastlewine.com\/sq\/wp-json\/wp\/v2\/media?parent=4556"}],"curies":[{"name":"wp","href":"https:\/\/api.w.org\/{rel}","templated":true}]}}