{"id":4562,"date":"2026-02-05T01:30:45","date_gmt":"2026-02-05T01:30:45","guid":{"rendered":"https:\/\/stonecastlewine.com\/terms\/"},"modified":"2026-03-10T14:34:58","modified_gmt":"2026-03-10T14:34:58","slug":"terms","status":"publish","type":"page","link":"https:\/\/stonecastlewine.com\/sq\/terms\/","title":{"rendered":"Kushtet dhe Rregullat"},"content":{"rendered":"<div class=\"wpb-content-wrapper\"><div class=\"vc_row wpb_row vc_row-fluid\"><div class=\"wpb_column vc_column_container vc_col-sm-12\"><div class=\"vc_column-inner\"><div class=\"wpb_wrapper\">\n\t<div class=\"wpb_text_column wpb_content_element\" >\n\t\t<div class=\"wpb_wrapper\">\n\t\t\t<h1><b>Kushtet dhe Rregullat<\/b><\/h1>\n<p><b>Stone Castle Vineyards &amp; Winery<\/b><\/p>\n<p><span style=\"font-weight: 400;\">P\u00ebrdit\u00ebsuar s\u00eb fundi: 10\/03\/2026<\/span><\/p>\n<h2><b>1. Hyrje<\/b><\/h2>\n<p><span style=\"font-weight: 400;\">Mir\u00ebsevini n\u00eb stonecastlewine.com (\"Uebfaqja\"), e operuar nga Stone Castle Vineyards &amp; Winery SH.P.K. (\"Stone Castle,\" \"ne,\" \"yn\u00eb,\" ose \"neve\"), nj\u00eb shoq\u00ebri me p\u00ebrgjegj\u00ebsi t\u00eb kufizuar e regjistruar dhe q\u00eb operon n\u00eb Republik\u00ebn e Kosov\u00ebs, me adres\u00eb t\u00eb regjistruar n\u00eb Bernjaka P.N., Rahovec, 21000 Kosov\u00eb (NUI\/Numri i Regjistrimit t\u00eb Biznesit: 810518392). Duke aksesuar ose p\u00ebrdorur Uebfaqjen ton\u00eb, duke b\u00ebr\u00eb nj\u00eb porosi, ose duke u angazhuar me cilindo nga sh\u00ebrbimet tona, ju (\"Klienti,\" \"ju,\" ose \"juaj\") pranoni t\u00eb jeni t\u00eb detyruar nga k\u00ebto Kushte dhe Rregulla. N\u00ebse nuk pajtoheni me ndonj\u00eb pjes\u00eb t\u00eb k\u00ebtyre kushteve, nuk duhet ta p\u00ebrdorni Uebfaqjen ton\u00eb.<\/span><\/p>\n<p><span style=\"font-weight: 400;\">K\u00ebto Kushte dhe Rregulla rregullojn\u00eb t\u00eb gjitha transaksionet, nd\u00ebrveprimet dhe p\u00ebrdorimin e Uebfaqjes, duke p\u00ebrfshir\u00eb por pa u kufizuar n\u00eb shfletim, blerje t\u00eb produkteve, krijim t\u00eb llogaris\u00eb dhe abonim n\u00eb komunikimet e marketingut.<\/span><\/p>\n<h2><b>2. P\u00ebrshtatshm\u00ebria dhe Verifikimi i Mosh\u00ebs<\/b><\/h2>\n<p><span style=\"font-weight: 400;\">Produktet tona p\u00ebrmbajn\u00eb alkool. N\u00eb p\u00ebrputhje me ligjet e Republik\u00ebs s\u00eb Kosov\u00ebs dhe rregulloret nd\u00ebrkomb\u00ebtare t\u00eb zbatueshme, ju duhet t\u00eb jeni s\u00eb paku 18 vje\u00e7 p\u00ebr t\u00eb bler\u00eb pije alkoolike nga Uebfaqja jon\u00eb. Duke b\u00ebr\u00eb nj\u00eb porosi, ju konfirmoni dhe garantoni se jeni 18 vje\u00e7 ose m\u00eb t\u00eb rritur.<\/span><\/p>\n<p><span style=\"font-weight: 400;\">Ne rezervojm\u00eb t\u00eb drejt\u00ebn t\u00eb k\u00ebrkojm\u00eb d\u00ebshmi t\u00eb mosh\u00ebs n\u00eb \u00e7do faz\u00eb t\u00eb procesit t\u00eb porosis\u00eb ose dor\u00ebzimit. N\u00ebse nuk ofrohet d\u00ebshmi e k\u00ebnaqshme e mosh\u00ebs, ne rezervojm\u00eb t\u00eb drejt\u00ebn t\u00eb anulojm\u00eb porosin\u00eb dhe t\u00eb refuzojm\u00eb dor\u00ebzimin. \u00c7do personel i dor\u00ebzimit mund t\u00eb k\u00ebrkoj\u00eb gjithashtu identifikim gjat\u00eb dor\u00ebzimit.<\/span><\/p>\n<h2><b>3. Produktet dhe \u00c7mimet<\/b><\/h2>\n<p><span style=\"font-weight: 400;\">T\u00eb gjitha produktet e listuara n\u00eb Uebfaqje jan\u00eb subjekt i disponueshm\u00ebris\u00eb. Ne b\u00ebjm\u00eb \u00e7do p\u00ebrpjekje p\u00ebr t\u00eb siguruar q\u00eb p\u00ebrshkrimet, imazhet dhe \u00e7mimet e produkteve t\u00eb shfaqura n\u00eb Uebfaqjen ton\u00eb jan\u00eb t\u00eb sakta. Megjithat\u00eb, gabime mund t\u00eb ndodhin. N\u00ebse zbulojm\u00eb nj\u00eb gabim n\u00eb \u00e7mimin ose p\u00ebrshkrimin e nj\u00eb produkti q\u00eb keni porositur, do t'ju informojm\u00eb sa m\u00eb shpejt t\u00eb jet\u00eb e mundur dhe do t'ju ofrojm\u00eb mund\u00ebsin\u00eb p\u00ebr t\u00eb konfirmuar porosin\u00eb me \u00e7mimin e sakt\u00eb ose p\u00ebr ta anuluar at\u00eb.<\/span><\/p>\n<p><span style=\"font-weight: 400;\">\u00c7mimet n\u00eb Uebfaqje shfaqen n\u00eb Euro (\u20ac) dhe p\u00ebrfshijn\u00eb taksat e zbatueshme p\u00ebrve\u00e7 n\u00ebse thuhet ndryshe. Ne rezervojm\u00eb t\u00eb drejt\u00ebn t\u00eb ndryshojm\u00eb \u00e7mimet n\u00eb \u00e7do koh\u00eb pa njoftim paraprak, por ndryshimet nuk do t\u00eb ndikojn\u00eb n\u00eb porosit\u00eb q\u00eb jan\u00eb konfirmuar tashm\u00eb.<\/span><\/p>\n<h2><b>4. Porosit\u00eb dhe Pagesa<\/b><\/h2>\n<p><span style=\"font-weight: 400;\">Kur b\u00ebni nj\u00eb porosi p\u00ebrmes Uebfaqjes son\u00eb, ju po b\u00ebni nj\u00eb ofert\u00eb p\u00ebr t\u00eb bler\u00eb produktet e zgjedhura. Ne do t'ju d\u00ebrgojm\u00eb nj\u00eb email konfirmimi t\u00eb porosis\u00eb duke pranuar marrjen e porosis\u00eb suaj. Ky konfirmim nuk p\u00ebrb\u00ebn pranimin e porosis\u00eb suaj. Nj\u00eb kontrat\u00eb detyruese formohet vet\u00ebm kur ne i d\u00ebrgojm\u00eb produktet dhe ju d\u00ebrgojm\u00eb nj\u00eb konfirmim d\u00ebrgese.<\/span><\/p>\n<p><span style=\"font-weight: 400;\">Ne rezervojm\u00eb t\u00eb drejt\u00ebn t\u00eb refuzojm\u00eb ose anulojm\u00eb \u00e7do porosi p\u00ebr arsye duke p\u00ebrfshir\u00eb por pa u kufizuar n\u00eb: mosdisponueshm\u00ebrin\u00eb e produktit, gabime n\u00eb \u00e7mime ose informacione t\u00eb produktit, aktivitet t\u00eb dyshuar mashtrues, ose pamund\u00ebsin\u00eb p\u00ebr t\u00eb verifikuar mosh\u00ebn ose identitetin.<\/span><\/p>\n<p><b>Metodat e Pages\u00ebs: <\/b><span style=\"font-weight: 400;\">Ne pranojm\u00eb pagesa p\u00ebrmes Paysera, e cila mb\u00ebshtet Visa, Mastercard, Apple Pay dhe Google Pay. T\u00eb gjitha pagesat procesohen n\u00eb m\u00ebnyr\u00eb t\u00eb sigurt p\u00ebrmes port\u00ebs s\u00eb pagesave t\u00eb Paysera. Ju pranoni t\u00eb ofroni informacion t\u00eb sakt\u00eb dhe t\u00eb plot\u00eb t\u00eb pages\u00ebs.<\/span><\/p>\n<p><span style=\"font-weight: 400;\">Pagesa k\u00ebrkohet e plot\u00eb n\u00eb momentin e vendosjes s\u00eb porosis\u00eb. Porosit\u00eb nuk do t\u00eb procesohen derisa pagesa t\u00eb jet\u00eb marr\u00eb dhe verifikuar me sukses.<\/span><\/p>\n<h2><b>5. Regjistrimi i Llogaris\u00eb<\/b><\/h2>\n<p><span style=\"font-weight: 400;\">Ju mund t\u00eb krijoni nj\u00eb llogari n\u00eb Uebfaqjen ton\u00eb p\u00ebr t\u00eb leht\u00ebsuar blerjet dhe gjurmuar porosit\u00eb. Ju jeni p\u00ebrgjegj\u00ebs p\u00ebr ruajtjen e konfidencialitetit t\u00eb kredencialeve t\u00eb llogaris\u00eb suaj dhe p\u00ebr t\u00eb gjitha aktivitetet q\u00eb ndodhin n\u00ebn llogarin\u00eb tuaj. Ju pranoni t\u00eb ofroni informacion t\u00eb sakt\u00eb, aktual dhe t\u00eb plot\u00eb gjat\u00eb regjistrimit dhe t\u00eb p\u00ebrdit\u00ebsoni k\u00ebt\u00eb informacion sipas nevoj\u00ebs.<\/span><\/p>\n<p><span style=\"font-weight: 400;\">Ne rezervojm\u00eb t\u00eb drejt\u00ebn t\u00eb pezullojm\u00eb ose mbyllim llogarin\u00eb tuaj n\u00ebse dyshojm\u00eb p\u00ebrdorim t\u00eb paautorizuar, ofrim t\u00eb informacionit t\u00eb rrem\u00eb, ose shkelje t\u00eb k\u00ebtyre Kushteve dhe Rregullave.<\/span><\/p>\n<h2><b>6. D\u00ebrgesa dhe Dor\u00ebzimi<\/b><\/h2>\n<p><span style=\"font-weight: 400;\">Ne d\u00ebrgojm\u00eb n\u00eb Kosov\u00eb, Shqip\u00ebri dhe Maqedonin\u00eb e Veriut. Koh\u00ebt e dor\u00ebzimit dhe kostot e d\u00ebrges\u00ebs ndryshojn\u00eb sipas destinacionit dhe llogariten n\u00eb ark\u00eb. P\u00ebr detaje t\u00eb plota, ju lutemi referojuni Politik\u00ebs son\u00eb t\u00eb D\u00ebrges\u00ebs t\u00eb disponueshme n\u00eb Uebfaqjen ton\u00eb.<\/span><\/p>\n<p><span style=\"font-weight: 400;\">Edhe pse b\u00ebjm\u00eb \u00e7do p\u00ebrpjekje p\u00ebr t\u00eb dor\u00ebzuar brenda afateve t\u00eb parashikuara, datat e dor\u00ebzimit nuk jan\u00eb t\u00eb garantuara. Ne nuk do t\u00eb jemi p\u00ebrgjegj\u00ebs p\u00ebr asnj\u00eb vones\u00eb t\u00eb shkaktuar nga rrethana jasht\u00eb kontrollit ton\u00eb t\u00eb arsyesh\u00ebm, duke p\u00ebrfshir\u00eb por pa u kufizuar n\u00eb kushte atmosferike, vonesa t\u00eb korrierit, zhdoganime doganore, ose ngjarje t\u00eb forc\u00ebs madhore.<\/span><\/p>\n<p><span style=\"font-weight: 400;\">Rreziku i humbjes dhe titulli i produkteve kalojn\u00eb tek ju pas dor\u00ebzimit n\u00eb adres\u00ebn e d\u00ebrges\u00ebs s\u00eb dh\u00ebn\u00eb. \u00cbsht\u00eb p\u00ebrgjegj\u00ebsia juaj t\u00eb siguroheni q\u00eb adresa e dor\u00ebzimit \u00ebsht\u00eb e sakt\u00eb dhe e plot\u00eb n\u00eb momentin e vendosjes s\u00eb porosis\u00eb.<\/span><\/p>\n<h2><b>7. Kthimet dhe Rimbursimet<\/b><\/h2>\n<p><span style=\"font-weight: 400;\">Ne d\u00ebshirojm\u00eb q\u00eb ju t\u00eb jeni t\u00eb k\u00ebnaqur me blerjen tuaj. N\u00ebse nuk jeni t\u00eb k\u00ebnaqur ose merrni nj\u00eb produkt t\u00eb d\u00ebmtuar ose me defekt, ju mund t\u00eb k\u00ebrkoni kthim ose rimbursim n\u00eb p\u00ebrputhje me Politik\u00ebn ton\u00eb t\u00eb Rimbursimit dhe Kthimit t\u00eb disponueshme n\u00eb Uebfaqjen ton\u00eb.<\/span><\/p>\n<p><span style=\"font-weight: 400;\">P\u00ebr shkak t\u00eb natyr\u00ebs s\u00eb produkteve tona (pije alkoolike), kthimet pranohen vet\u00ebm n\u00ebse produkti \u00ebsht\u00eb i pahapur, n\u00eb paketimin origjinal, dhe i raportuar brenda afatit kohor t\u00eb specifikuar n\u00eb Politik\u00ebn ton\u00eb t\u00eb Rimbursimit dhe Kthimit. Ju lutemi referojuni politik\u00ebs s\u00eb plot\u00eb p\u00ebr kriteret e pranueshm\u00ebris\u00eb, procedurat dhe afatet kohore.<\/span><\/p>\n<h2><b>8. Pron\u00ebsia Intelektuale<\/b><\/h2>\n<p><span style=\"font-weight: 400;\">I gjith\u00eb p\u00ebrmbajtja n\u00eb k\u00ebt\u00eb Uebfaqje, duke p\u00ebrfshir\u00eb por pa u kufizuar n\u00eb tekst, grafika, logo, imazhe, fotografi, audio, video, softuer dhe elemente dizajni (s\u00eb bashku, \"P\u00ebrmbajtja\"), \u00ebsht\u00eb pron\u00eb e Stone Castle Vineyards &amp; Winery ose licencuesve t\u00eb saj dhe mbrohet nga ligjet e t\u00eb drejt\u00ebs s\u00eb autorit, mark\u00ebs tregtare dhe pron\u00ebsis\u00eb intelektuale t\u00eb Republik\u00ebs s\u00eb Kosov\u00ebs dhe traktateve nd\u00ebrkomb\u00ebtare.<\/span><\/p>\n<p><span style=\"font-weight: 400;\">Ju nuk mund t\u00eb riprodhoni, shp\u00ebrndani, modifikoni, shfaqni, kryeni, ose p\u00ebrdorni ndryshe asnj\u00eb P\u00ebrmbajtje nga Uebfaqja jon\u00eb pa p\u00eblqimin ton\u00eb paraprak me shkrim. Emri Stone Castle, logoja dhe t\u00eb gjitha shenjat e lidhura jan\u00eb marka tregtare t\u00eb regjistruara t\u00eb Stone Castle Vineyards &amp; Winery.<\/span><\/p>\n<h2><b>9. P\u00ebrdorimi i Pranuesh\u00ebm i Uebfaqjes<\/b><\/h2>\n<p><span style=\"font-weight: 400;\">Ju pranoni t\u00eb p\u00ebrdorni Uebfaqjen ton\u00eb vet\u00ebm p\u00ebr q\u00ebllime t\u00eb ligjshme dhe n\u00eb m\u00ebnyr\u00eb q\u00eb nuk cenon t\u00eb drejtat e t\u00eb tjer\u00ebve ose kufizon p\u00ebrdorimin dhe g\u00ebzimin e tyre t\u00eb Uebfaqjes. Sjellja e ndaluar p\u00ebrfshin por nuk kufizohet n\u00eb:<\/span><\/p>\n<ul>\n<li style=\"font-weight: 400;\" aria-level=\"1\"><span style=\"font-weight: 400;\">P\u00ebrdorimi i Uebfaqjes n\u00eb \u00e7far\u00ebdo m\u00ebnyre q\u00eb shkel ligjin ose rregulloren e zbatueshme lokale, komb\u00ebtare ose nd\u00ebrkomb\u00ebtare<\/span><\/li>\n<li style=\"font-weight: 400;\" aria-level=\"1\"><span style=\"font-weight: 400;\">P\u00ebrpjekja p\u00ebr t\u00eb fituar akses t\u00eb paautorizuar n\u00eb \u00e7do pjes\u00eb t\u00eb Uebfaqjes, serverit ose baz\u00ebs s\u00eb t\u00eb dh\u00ebnave<\/span><\/li>\n<li style=\"font-weight: 400;\" aria-level=\"1\"><span style=\"font-weight: 400;\">Futja e viruseve, trojan\u00ebve, krimbave ose materialeve t\u00eb tjera keqdash\u00ebse ose teknologjikisht t\u00eb d\u00ebmshme<\/span><\/li>\n<li style=\"font-weight: 400;\" aria-level=\"1\"><span style=\"font-weight: 400;\">P\u00ebrdorimi i sistemeve t\u00eb automatizuara (bot-\u00ebve, scraper-ave, crawler-ave) p\u00ebr t\u00eb aksesuar Uebfaqjen pa leje me shkrim<\/span><\/li>\n<li style=\"font-weight: 400;\" aria-level=\"1\"><span style=\"font-weight: 400;\">Imitimi i \u00e7do personi ose entiteti ose keqp\u00ebrfaq\u00ebsimi i lidhjes suaj me \u00e7do person ose entitet<\/span><\/li>\n<\/ul>\n<h2><b>10. Privat\u00ebsia dhe Mbrojtja e t\u00eb Dh\u00ebnave<\/b><\/h2>\n<p><span style=\"font-weight: 400;\">Privat\u00ebsia juaj \u00ebsht\u00eb e r\u00ebnd\u00ebsishme p\u00ebr ne. Mbledhja, p\u00ebrdorimi dhe mbrojtja e t\u00eb dh\u00ebnave tuaja personale rregullohet nga Politika jon\u00eb e Privat\u00ebsis\u00eb, e cila \u00ebsht\u00eb e disponueshme n\u00eb Uebfaqjen ton\u00eb dhe p\u00ebrb\u00ebn nj\u00eb pjes\u00eb integrale t\u00eb k\u00ebtyre Kushteve dhe Rregullave.<\/span><\/p>\n<p><span style=\"font-weight: 400;\">Duke p\u00ebrdorur Uebfaqjen ton\u00eb dhe duke b\u00ebr\u00eb porosi, ju jepni p\u00eblqimin p\u00ebr mbledhjen dhe p\u00ebrpunimin e t\u00eb dh\u00ebnave tuaja personale si\u00e7 p\u00ebrshkruhet n\u00eb Politik\u00ebn ton\u00eb t\u00eb Privat\u00ebsis\u00eb, n\u00eb p\u00ebrputhje me Ligjin p\u00ebr Mbrojtjen e t\u00eb Dh\u00ebnave Personale t\u00eb Republik\u00ebs s\u00eb Kosov\u00ebs (Ligji Nr. 06\/L-082), dhe ku \u00ebsht\u00eb e zbatueshme, Rregulloren e P\u00ebrgjithshme t\u00eb BE-s\u00eb p\u00ebr Mbrojtjen e t\u00eb Dh\u00ebnave (GDPR), Ligjin p\u00ebr Mbrojtjen e t\u00eb Dh\u00ebnave Personale t\u00eb Shqip\u00ebris\u00eb (Ligji Nr. 9887), dhe Ligjin p\u00ebr Mbrojtjen e t\u00eb Dh\u00ebnave Personale t\u00eb Maqedonis\u00eb s\u00eb Veriut (Gazeta Zyrtare Nr. 42\/2020).<\/span><\/p>\n<h2><b>11. Kufizimi i P\u00ebrgjegj\u00ebsis\u00eb<\/b><\/h2>\n<p><span style=\"font-weight: 400;\">N\u00eb mas\u00ebn m\u00eb t\u00eb plot\u00eb t\u00eb lejuar nga ligjet e Republik\u00ebs s\u00eb Kosov\u00ebs, Stone Castle Vineyards &amp; Winery, drejtor\u00ebt, punonj\u00ebsit dhe agjent\u00ebt e saj nuk do t\u00eb jen\u00eb p\u00ebrgjegj\u00ebs p\u00ebr asnj\u00eb d\u00ebm t\u00eb t\u00ebrthort\u00eb, rast\u00ebsor, t\u00eb ve\u00e7ant\u00eb, pasues ose nd\u00ebshkues q\u00eb lind nga ose n\u00eb lidhje me p\u00ebrdorimin tuaj t\u00eb Uebfaqjes, blerjen e produkteve, ose k\u00ebto Kushte dhe Rregulla.<\/span><\/p>\n<p><span style=\"font-weight: 400;\">P\u00ebrgjegj\u00ebsia jon\u00eb totale p\u00ebr \u00e7do pretendim q\u00eb lind nga k\u00ebto Kushte dhe Rregulla nuk do t\u00eb kaloj\u00eb shum\u00ebn totale t\u00eb paguar nga ju p\u00ebr porosin\u00eb specifike q\u00eb ka shkaktuar pretendimin. Asgj\u00eb n\u00eb k\u00ebto Kushte dhe Rregulla nuk p\u00ebrjashton ose kufizon p\u00ebrgjegj\u00ebsin\u00eb ton\u00eb p\u00ebr vdekje ose l\u00ebndim personal t\u00eb shkaktuar nga pakujdesia, mashtrimi, ose \u00e7do p\u00ebrgjegj\u00ebsi tjet\u00ebr q\u00eb nuk mund t\u00eb p\u00ebrjashtohet ose kufizohet me ligj.<\/span><\/p>\n<h2><b>12. Mohimi i Garancive<\/b><\/h2>\n<p><span style=\"font-weight: 400;\">Uebfaqja dhe p\u00ebrmbajtja e saj ofrohen n\u00eb baz\u00eb \"si\u00e7 \u00ebsht\u00eb\" dhe \"si\u00e7 disponohet\". Nd\u00ebrsa p\u00ebrpiqemi t\u00eb sigurojm\u00eb q\u00eb Uebfaqja t\u00eb jet\u00eb e disponueshme dhe pa gabime, ne nuk garantojm\u00eb akses t\u00eb pand\u00ebrprer\u00eb ose q\u00eb Uebfaqja do t\u00eb jet\u00eb e lir\u00eb nga viruset ose komponent\u00eb t\u00eb tjer\u00eb t\u00eb d\u00ebmsh\u00ebm.<\/span><\/p>\n<p><span style=\"font-weight: 400;\">Ne nuk japim garanci ose p\u00ebrfaq\u00ebsime n\u00eb lidhje me sakt\u00ebsin\u00eb ose plot\u00ebsin\u00eb e p\u00ebrmbajtjes s\u00eb Uebfaqjes. Imazhet e produkteve jan\u00eb p\u00ebr q\u00ebllime ilustruese dhe mund t\u00eb ndryshojn\u00eb paksa nga produkti aktual (p.sh., viti, dizajni i etiket\u00ebs).<\/span><\/p>\n<h2><b>13. Lidhjet e Pal\u00ebve t\u00eb Treta<\/b><\/h2>\n<p><span style=\"font-weight: 400;\">Uebfaqja jon\u00eb mund t\u00eb p\u00ebrmbaj\u00eb lidhje me uebfaqe ose sh\u00ebrbime t\u00eb pal\u00ebve t\u00eb treta q\u00eb nuk jan\u00eb n\u00eb pron\u00ebsi ose nuk kontrollohen nga Stone Castle Vineyards &amp; Winery. Ne nuk kemi kontroll dhe nuk marrim asnj\u00eb p\u00ebrgjegj\u00ebsi p\u00ebr p\u00ebrmbajtjen, politikat e privat\u00ebsis\u00eb ose praktikat e \u00e7do uebfaqjeje t\u00eb pal\u00ebve t\u00eb treta. Ju inkurajojm\u00eb t\u00eb rishikoni kushtet dhe politikat e privat\u00ebsis\u00eb t\u00eb \u00e7do uebfaqjeje t\u00eb pal\u00ebve t\u00eb treta q\u00eb vizitoni.<\/span><\/p>\n<h2><b>14. Forca Madhore<\/b><\/h2>\n<p><span style=\"font-weight: 400;\">Ne nuk do t\u00eb jemi p\u00ebrgjegj\u00ebs p\u00ebr asnj\u00eb d\u00ebshtim ose vones\u00eb n\u00eb p\u00ebrmbushjen e detyrimeve tona sipas k\u00ebtyre Kushteve dhe Rregullave ku d\u00ebshtimi ose vonesa rezulton nga rrethana jasht\u00eb kontrollit ton\u00eb t\u00eb arsyesh\u00ebm, duke p\u00ebrfshir\u00eb por pa u kufizuar n\u00eb fatkeq\u00ebsi natyrore, akte t\u00eb qeveris\u00eb, pandemi, greva, nd\u00ebrprerje t\u00eb transportit ose d\u00ebshtime t\u00eb sh\u00ebrbimeve komunale.<\/span><\/p>\n<h2><b>15. Ndryshimet n\u00eb K\u00ebto Kushte<\/b><\/h2>\n<p><span style=\"font-weight: 400;\">Ne rezervojm\u00eb t\u00eb drejt\u00ebn p\u00ebr t\u00eb p\u00ebrdit\u00ebsuar ose ndryshuar k\u00ebto Kushte dhe Rregulla n\u00eb \u00e7do koh\u00eb. Ndryshimet do t\u00eb hyjn\u00eb n\u00eb fuqi menj\u00ebher\u00eb pas publikimit n\u00eb Uebfaqje me nj\u00eb dat\u00eb t\u00eb p\u00ebrdit\u00ebsuar. Vazhdimi i p\u00ebrdorimit tuaj t\u00eb Uebfaqjes pas \u00e7do ndryshimi p\u00ebrb\u00ebn pranimin tuaj t\u00eb kushteve t\u00eb rishikuara. Ju inkurajojm\u00eb t\u00eb rishikoni k\u00ebt\u00eb faqe periodikisht.<\/span><\/p>\n<h2><b>16. Ndashueshm\u00ebria<\/b><\/h2>\n<p><span style=\"font-weight: 400;\">N\u00ebse ndonj\u00eb dispozit\u00eb e k\u00ebtyre Kushteve dhe Rregullave konstatohet t\u00eb jet\u00eb e pavlefshme, e paligjshme ose e pazbatueshme nga nj\u00eb gjykat\u00eb e juridiksionit kompetent, dispozitat e mbetura do t\u00eb vazhdojn\u00eb t\u00eb jen\u00eb n\u00eb fuqi dhe efekt t\u00eb plot\u00eb. Dispozita e pavlefshme ose e pazbatueshme do t\u00eb ndryshohet n\u00eb mas\u00ebn minimale t\u00eb nevojshme p\u00ebr ta b\u00ebr\u00eb at\u00eb t\u00eb vlefshme dhe t\u00eb zbatueshme.<\/span><\/p>\n<h2><b>17. Ligji i Zbatuesh\u00ebm dhe Juridiksioni<\/b><\/h2>\n<p><span style=\"font-weight: 400;\">K\u00ebto Kushte dhe Rregulla do t\u00eb qeverisen dhe interpretohen n\u00eb p\u00ebrputhje me ligjet e Republik\u00ebs s\u00eb Kosov\u00ebs. \u00c7do mosmarr\u00ebveshje q\u00eb lind nga ose n\u00eb lidhje me k\u00ebto kushte do t'i n\u00ebnshtrohet juridiksionit ekskluziv t\u00eb gjykatave kompetente t\u00eb Republik\u00ebs s\u00eb Kosov\u00ebs.<\/span><\/p>\n<p><span style=\"font-weight: 400;\">Ju inkurajojm\u00eb t\u00eb na kontaktoni fillimisht p\u00ebr t\u00eb zgjidhur \u00e7do mosmarr\u00ebveshje n\u00eb m\u00ebnyr\u00eb miq\u00ebsore para fillimit t\u00eb procedurave ligjore. Shumica e shqet\u00ebsimeve mund t\u00eb zgjidhen p\u00ebrmes komunikimit t\u00eb drejtp\u00ebrdrejt\u00eb me ekipin ton\u00eb t\u00eb mb\u00ebshtetjes s\u00eb klient\u00ebve.<\/span><\/p>\n<p><span style=\"font-weight: 400;\">K\u00ebto Kushte dhe Rregulla nuk ndikojn\u00eb n\u00eb asnj\u00eb t\u00eb drejt\u00eb t\u00eb detyrueshme statutore t\u00eb konsumatorit q\u00eb mund t\u00eb keni sipas ligjeve t\u00eb vendit tuaj t\u00eb banimit, duke p\u00ebrfshir\u00eb por pa u kufizuar n\u00eb ligjet e mbrojtjes s\u00eb konsumatorit t\u00eb Shqip\u00ebris\u00eb dhe Maqedonis\u00eb s\u00eb Veriut p\u00ebr klient\u00ebt q\u00eb porosisin nga ato vende.<\/span><\/p>\n<h2><b>18. Informacionet e Kontaktit<\/b><\/h2>\n<p><span style=\"font-weight: 400;\">N\u00ebse keni pyetje, shqet\u00ebsime ose k\u00ebrkesa n\u00eb lidhje me k\u00ebto Kushte dhe Rregulla, ju lutem na kontaktoni n\u00eb:<\/span><\/p>\n<p><b>Kompania: <\/b><span style=\"font-weight: 400;\">Stone Castle Vineyards &amp; Winery SH.P.K.<\/span><\/p>\n<p><b>NUI: <\/b><span style=\"font-weight: 400;\">810518392<\/span><\/p>\n<p><b>Adresa: <\/b><span style=\"font-weight: 400;\">Bernjaka P.N., Rahovec, 21000 Kosov\u00eb<\/span><\/p>\n<p><b>Email: <\/b><span style=\"font-weight: 400;\">info@stonecastlewine.com<\/span><\/p>\n<p><b>Telefoni: <\/b><span style=\"font-weight: 400;\">+383 29 276 053<\/span><\/p>\n<p><b>Faks: <\/b><span style=\"font-weight: 400;\">+383 29 276 051<\/span><\/p>\n\n\t\t<\/div>\n\t<\/div>\n<\/div><\/div><\/div><\/div>\n<\/div>","protected":false},"excerpt":{"rendered":"Terms and Conditions Stone Castle Vineyards &amp; Winery Last Updated: 10\/03\/2026 1. Introduction Welcome to stonecastlewine.com (the \"Website\"), operated by Stone Castle Vineyards &amp; Winery SH.P.K. (\"Stone Castle,\" \"we,\" \"our,\" or \"us\"), a limited liability company registered and operating in the Republic of Kosovo, with its registered address at Bernjaka P.N., Rahovec, 21000 Kosovo (NUI\/Business<p class=\"more-link-wrapper\"><a class=\"btn btn-primary\" href=\"https:\/\/stonecastlewine.com\/sq\/terms\/\">Read More<\/a><\/p>","protected":false},"author":1,"featured_media":0,"parent":0,"menu_order":0,"comment_status":"closed","ping_status":"closed","template":"","meta":{"_acf_changed":false,"_monsterinsights_skip_tracking":false,"_monsterinsights_sitenote_active":false,"_monsterinsights_sitenote_note":"","_monsterinsights_sitenote_category":0,"footnotes":""},"class_list":["post-4562","page","type-page","status-publish","hentry"],"acf":[],"aioseo_notices":[],"_links":{"self":[{"href":"https:\/\/stonecastlewine.com\/sq\/wp-json\/wp\/v2\/pages\/4562","targetHints":{"allow":["GET"]}}],"collection":[{"href":"https:\/\/stonecastlewine.com\/sq\/wp-json\/wp\/v2\/pages"}],"about":[{"href":"https:\/\/stonecastlewine.com\/sq\/wp-json\/wp\/v2\/types\/page"}],"author":[{"embeddable":true,"href":"https:\/\/stonecastlewine.com\/sq\/wp-json\/wp\/v2\/users\/1"}],"replies":[{"embeddable":true,"href":"https:\/\/stonecastlewine.com\/sq\/wp-json\/wp\/v2\/comments?post=4562"}],"version-history":[{"count":3,"href":"https:\/\/stonecastlewine.com\/sq\/wp-json\/wp\/v2\/pages\/4562\/revisions"}],"predecessor-version":[{"id":4590,"href":"https:\/\/stonecastlewine.com\/sq\/wp-json\/wp\/v2\/pages\/4562\/revisions\/4590"}],"wp:attachment":[{"href":"https:\/\/stonecastlewine.com\/sq\/wp-json\/wp\/v2\/media?parent=4562"}],"curies":[{"name":"wp","href":"https:\/\/api.w.org\/{rel}","templated":true}]}}